{"id":16,"date":"2024-05-16T17:12:47","date_gmt":"2024-05-16T17:12:47","guid":{"rendered":"https:\/\/ciba-usa.com\/?page_id=16"},"modified":"2024-05-28T01:16:49","modified_gmt":"2024-05-28T01:16:49","slug":"blog","status":"publish","type":"page","link":"https:\/\/ciba-usa.com\/es\/blog\/","title":{"rendered":"Blog"},"content":{"rendered":"<div data-elementor-type=\"wp-page\" data-elementor-id=\"16\" class=\"elementor elementor-16\" data-elementor-post-type=\"page\">\n\t\t\t\t<div class=\"elementor-element elementor-element-b7ffde8 e-flex e-con-boxed wpr-particle-no wpr-jarallax-no wpr-parallax-no wpr-sticky-section-no e-con e-parent\" data-id=\"b7ffde8\" data-element_type=\"container\">\n\t\t\t\t\t<div class=\"e-con-inner\">\n\t\t\t\t<div class=\"elementor-element elementor-element-3ebd771 elementor-widget elementor-widget-heading\" data-id=\"3ebd771\" data-element_type=\"widget\" data-widget_type=\"heading.default\">\n\t\t\t\t<div class=\"elementor-widget-container\">\n\t\t\t\t\t<h2 class=\"elementor-heading-title elementor-size-default\">ART\u00cdCULOS<\/h2>\t\t\t\t<\/div>\n\t\t\t\t<\/div>\n\t\t\t\t<div class=\"elementor-element elementor-element-4897630 elementor-grid-3 elementor-grid-tablet-2 elementor-grid-mobile-1 elementor-posts--thumbnail-top elementor-widget elementor-widget-posts\" data-id=\"4897630\" data-element_type=\"widget\" data-settings=\"{&quot;pagination_type&quot;:&quot;numbers_and_prev_next&quot;,&quot;classic_columns&quot;:&quot;3&quot;,&quot;classic_columns_tablet&quot;:&quot;2&quot;,&quot;classic_columns_mobile&quot;:&quot;1&quot;,&quot;classic_row_gap&quot;:{&quot;unit&quot;:&quot;px&quot;,&quot;size&quot;:35,&quot;sizes&quot;:[]},&quot;classic_row_gap_tablet&quot;:{&quot;unit&quot;:&quot;px&quot;,&quot;size&quot;:&quot;&quot;,&quot;sizes&quot;:[]},&quot;classic_row_gap_mobile&quot;:{&quot;unit&quot;:&quot;px&quot;,&quot;size&quot;:&quot;&quot;,&quot;sizes&quot;:[]}}\" data-widget_type=\"posts.classic\">\n\t\t\t\t<div class=\"elementor-widget-container\">\n\t\t\t\t\t\t\t<div class=\"elementor-posts-container elementor-posts elementor-posts--skin-classic elementor-grid\">\n\t\t\t\t<article class=\"elementor-post elementor-grid-item post-2822 post type-post status-publish format-standard has-post-thumbnail hentry category-uncategorized entry has-media owp-thumbs-layout-horizontal owp-btn-normal owp-tabs-layout-horizontal has-no-thumbnails has-product-nav\">\n\t\t\t\t<a class=\"elementor-post__thumbnail__link\" href=\"https:\/\/ciba-usa.com\/es\/preparing-mentally-and-emotionally-for-weight-loss-surgery\/\" tabindex=\"-1\" >\n\t\t\t<div class=\"elementor-post__thumbnail\"><img fetchpriority=\"high\" decoding=\"async\" width=\"300\" height=\"200\" src=\"https:\/\/ciba-usa.com\/wp-content\/uploads\/2024\/07\/plastic-1-2024-07-19T184943.152-300x200.jpg\" class=\"attachment-medium size-medium wp-image-2823\" alt=\"\" srcset=\"https:\/\/ciba-usa.com\/wp-content\/uploads\/2024\/07\/plastic-1-2024-07-19T184943.152-300x200.jpg 300w, https:\/\/ciba-usa.com\/wp-content\/uploads\/2024\/07\/plastic-1-2024-07-19T184943.152-1024x682.jpg 1024w, https:\/\/ciba-usa.com\/wp-content\/uploads\/2024\/07\/plastic-1-2024-07-19T184943.152-768x512.jpg 768w, https:\/\/ciba-usa.com\/wp-content\/uploads\/2024\/07\/plastic-1-2024-07-19T184943.152-1536x1024.jpg 1536w, https:\/\/ciba-usa.com\/wp-content\/uploads\/2024\/07\/plastic-1-2024-07-19T184943.152-18x12.jpg 18w, https:\/\/ciba-usa.com\/wp-content\/uploads\/2024\/07\/plastic-1-2024-07-19T184943.152-600x400.jpg 600w, https:\/\/ciba-usa.com\/wp-content\/uploads\/2024\/07\/plastic-1-2024-07-19T184943.152.jpg 2000w\" sizes=\"(max-width: 300px) 100vw, 300px\" \/><\/div>\n\t\t<\/a>\n\t\t\t\t<div class=\"elementor-post__text\">\n\t\t\t\t<h3 class=\"elementor-post__title\">\n\t\t\t<a href=\"https:\/\/ciba-usa.com\/es\/preparing-mentally-and-emotionally-for-weight-loss-surgery\/\" >\n\t\t\t\tPreparing Mentally and Emotionally for Weight Loss Surgery\t\t\t<\/a>\n\t\t<\/h3>\n\t\t\t\t<div class=\"elementor-post__meta-data\">\n\t\t\t\t\t<span class=\"elementor-post-date\">\n\t\t\tjulio 20, 2024\t\t<\/span>\n\t\t\t\t<span class=\"elementor-post-avatar\">\n\t\t\tNo hay comentarios\t\t<\/span>\n\t\t\t\t<\/div>\n\t\t\t\t<div class=\"elementor-post__excerpt\">\n\t\t\t<p>Weight loss surgery is a significant and life-changing procedure that requires thorough preparation. While physical readiness is crucial, mental and emotional preparation is equally important for ensuring a successful journey and long-term success. At CIBA USA, we understand the importance of a holistic approach to weight loss surgery. This article provides strategies to help you prepare mentally and emotionally for your upcoming procedure. Understanding the Importance of Mental and Emotional Preparation Weight loss surgery involves more than just physical changes; it also brings about significant mental and emotional adjustments. Being mentally and emotionally prepared can help you cope with the challenges and make the most of the opportunities that come with this life-changing procedure. Strategies for Mental and Emotional Preparation 1. Educate Yourself Learn About the Procedure Gain a thorough understanding of the weight loss surgery you will undergo. Familiarize yourself with the surgical process, potential risks, benefits, and expected outcomes. Knowledge can alleviate anxiety and help you feel more in control. Understand the Lifestyle Changes Weight loss surgery requires lifelong changes in eating habits, physical activity, and overall lifestyle. Educate yourself about the dietary guidelines, exercise routines, and behavioral adjustments needed for long-term success. 2. Set Realistic Expectations Acknowledge the Journey Recognize that weight loss surgery is not a quick fix but a tool to aid in weight loss. Understand that achieving and maintaining your desired weight will require ongoing effort and commitment. Set Achievable Goals Set realistic and achievable weight loss goals. Focus on gradual progress rather than expecting immediate, dramatic changes. Celebrate small milestones along the way to stay motivated. 3. Seek Professional Support Consult with a Therapist Consider consulting with a mental health professional who specializes in weight loss surgery or body image issues. Therapy can provide valuable support in addressing emotional challenges, stress, and any underlying psychological factors contributing to weight gain. Join a Support Group Connect with others who have undergone or are preparing for weight loss surgery. Support groups, whether in-person or online, offer a sense of community, shared experiences, and practical advice. 4. Build a Support System Involve Family and Friends Inform your family and friends about your decision to undergo weight loss surgery. Their understanding and support can make a significant difference in your journey. Encourage them to participate in healthy activities with you. Communicate Your Needs Clearly communicate your needs and expectations to your support system. Let them know how they can best support you emotionally and practically during your preparation and recovery. 5. Develop Coping Strategies Manage Stress Incorporate stress management techniques into your daily routine. Practices such as deep breathing, meditation, yoga, or journaling can help you manage anxiety and maintain emotional balance. Prepare for Emotional Challenges Be aware that weight loss surgery can bring up various emotions, including excitement, fear, frustration, and even grief over the loss of old habits. Acknowledge these feelings and develop healthy coping strategies to address them. 6. Focus on Self-Care Prioritize Sleep Ensure you get adequate rest and prioritize quality sleep. Good sleep is essential for physical and emotional well-being and can positively impact your recovery and overall health. Practice Mindful Eating Start practicing mindful eating habits before surgery. Pay attention to your hunger and fullness cues, eat slowly, and savor each bite. Mindful eating can help you build a healthier relationship with food. 7. Visualize Success Create a Vision Board Visualize your goals and the positive outcomes of your weight loss journey. Create a vision board with images and words that inspire and motivate you. Place it somewhere visible to remind yourself of your aspirations. Use Positive Affirmations Incorporate positive affirmations into your daily routine. Affirmations like &#8220;I am strong,&#8221; &#8220;I am capable of change,&#8221; and &#8220;I deserve to be healthy&#8221; can boost your confidence and reinforce your commitment to your goals. Conclusion Preparing mentally and emotionally for weight loss surgery is a crucial aspect of achieving long-term success. By educating yourself, setting realistic expectations, seeking professional and peer support, building a strong support system, developing coping strategies, focusing on self-care, and visualizing success, you can enhance your readiness for this transformative journey. At CIBA USA, we are committed to supporting you through every step of your weight loss journey. Schedule a consultation with us today to learn more about how we can help you achieve your health and wellness goals.<\/p>\n\t\t<\/div>\n\t\t\n\t\t<a class=\"elementor-post__read-more\" href=\"https:\/\/ciba-usa.com\/es\/preparing-mentally-and-emotionally-for-weight-loss-surgery\/\" aria-label=\"Read more about Preparing Mentally and Emotionally for Weight Loss Surgery\" tabindex=\"-1\" >\n\t\t\tLeer m\u00e1s \u00bb\t\t<\/a>\n\n\t\t\t\t<\/div>\n\t\t\t\t<\/article>\n\t\t\t\t<article class=\"elementor-post elementor-grid-item post-2488 post type-post status-publish format-standard has-post-thumbnail hentry category-surgeries entry has-media owp-thumbs-layout-horizontal owp-btn-normal owp-tabs-layout-horizontal has-no-thumbnails has-product-nav\">\n\t\t\t\t<a class=\"elementor-post__thumbnail__link\" href=\"https:\/\/ciba-usa.com\/es\/understanding-gastric-bypass-surgery-a-comprehensive-guide\/\" tabindex=\"-1\" >\n\t\t\t<div class=\"elementor-post__thumbnail\"><img decoding=\"async\" width=\"300\" height=\"163\" src=\"https:\/\/ciba-usa.com\/wp-content\/uploads\/2024\/07\/bypass-02-1.jpg\" class=\"attachment-medium size-medium wp-image-1630\" alt=\"\" sizes=\"(max-width: 300px) 100vw, 300px\" \/><\/div>\n\t\t<\/a>\n\t\t\t\t<div class=\"elementor-post__text\">\n\t\t\t\t<h3 class=\"elementor-post__title\">\n\t\t\t<a href=\"https:\/\/ciba-usa.com\/es\/understanding-gastric-bypass-surgery-a-comprehensive-guide\/\" >\n\t\t\t\tComprensi\u00f3n de la cirug\u00eda de bypass g\u00e1strico: una gu\u00eda completa\t\t\t<\/a>\n\t\t<\/h3>\n\t\t\t\t<div class=\"elementor-post__meta-data\">\n\t\t\t\t\t<span class=\"elementor-post-date\">\n\t\t\tjunio 18, 2024\t\t<\/span>\n\t\t\t\t<span class=\"elementor-post-avatar\">\n\t\t\tNo hay comentarios\t\t<\/span>\n\t\t\t\t<\/div>\n\t\t\t\t<div class=\"elementor-post__excerpt\">\n\t\t\t<p>El bypass g\u00e1strico, tambi\u00e9n conocido como bypass g\u00e1strico en Y de Roux, es una de las cirug\u00edas bari\u00e1tricas que se realizan con m\u00e1s frecuencia y cuyo objetivo es ayudar a las personas a lograr una p\u00e9rdida de peso significativa. Este procedimiento implica crear una peque\u00f1a bolsa estomacal y evitar una porci\u00f3n del intestino delgado, lo que limita la ingesta de alimentos y la absorci\u00f3n de nutrientes. \u00bfQu\u00e9 es la cirug\u00eda de bypass g\u00e1strico? La cirug\u00eda de bypass g\u00e1strico altera el sistema digestivo al crear una bolsa estomacal m\u00e1s peque\u00f1a y desviar el intestino delgado. Este doble enfoque no s\u00f3lo reduce la cantidad de alimentos que puedes comer sino que tambi\u00e9n disminuye la absorci\u00f3n de calor\u00edas y nutrientes. Pasos clave del procedimiento: Creaci\u00f3n de la bolsa estomacal: El cirujano crea una peque\u00f1a bolsa en la parte superior del est\u00f3mago. Esta bolsa puede contener solo una peque\u00f1a cantidad de comida, lo que reduce significativamente la ingesta de alimentos. Sin pasar por el intestino delgado: el intestino delgado se divide y parte de \u00e9l se conecta directamente a la bolsa estomacal reci\u00e9n creada. Se evita la porci\u00f3n restante del est\u00f3mago y la parte inicial del intestino delgado, lo que reduce la absorci\u00f3n de nutrientes y calor\u00edas. Beneficios de la cirug\u00eda de bypass g\u00e1strico Riesgos y consideraciones Como ocurre con cualquier cirug\u00eda mayor, el bypass g\u00e1strico conlleva riesgos y complicaciones potenciales, que incluyen: Cuidados posoperatorios Los resultados exitosos de la cirug\u00eda de bypass g\u00e1strico requieren un compromiso con cambios significativos en el estilo de vida, que incluyen: Conclusi\u00f3n La cirug\u00eda de bypass g\u00e1strico es una herramienta poderosa para lograr una p\u00e9rdida de peso significativa y sostenida, especialmente para personas que luchan contra la obesidad severa y problemas de salud relacionados. Si bien ofrece beneficios sustanciales, tambi\u00e9n requiere un compromiso de por vida con cambios en la dieta y el estilo de vida. Consultar con un cirujano bari\u00e1trico calificado es esencial para determinar si el bypass g\u00e1strico es la opci\u00f3n correcta y comprender los riesgos y beneficios potenciales.<\/p>\n\t\t<\/div>\n\t\t\n\t\t<a class=\"elementor-post__read-more\" href=\"https:\/\/ciba-usa.com\/es\/understanding-gastric-bypass-surgery-a-comprehensive-guide\/\" aria-label=\"Read more about Understanding Gastric Bypass Surgery: A Comprehensive Guide\" tabindex=\"-1\" >\n\t\t\tLeer m\u00e1s \u00bb\t\t<\/a>\n\n\t\t\t\t<\/div>\n\t\t\t\t<\/article>\n\t\t\t\t<article class=\"elementor-post elementor-grid-item post-2485 post type-post status-publish format-standard has-post-thumbnail hentry category-surgeries entry has-media owp-thumbs-layout-horizontal owp-btn-normal owp-tabs-layout-horizontal has-no-thumbnails has-product-nav\">\n\t\t\t\t<a class=\"elementor-post__thumbnail__link\" href=\"https:\/\/ciba-usa.com\/es\/understanding-bariatric-surgery-a-comprehensive-overview\/\" tabindex=\"-1\" >\n\t\t\t<div class=\"elementor-post__thumbnail\"><img decoding=\"async\" width=\"300\" height=\"200\" src=\"https:\/\/ciba-usa.com\/wp-content\/uploads\/2024\/06\/image.png\" class=\"attachment-medium size-medium wp-image-2486\" alt=\"\" srcset=\"https:\/\/ciba-usa.com\/wp-content\/uploads\/2024\/06\/image.png 1380w, https:\/\/ciba-usa.com\/wp-content\/uploads\/2024\/06\/image-600x400.png 600w\" sizes=\"(max-width: 300px) 100vw, 300px\" \/><\/div>\n\t\t<\/a>\n\t\t\t\t<div class=\"elementor-post__text\">\n\t\t\t\t<h3 class=\"elementor-post__title\">\n\t\t\t<a href=\"https:\/\/ciba-usa.com\/es\/understanding-bariatric-surgery-a-comprehensive-overview\/\" >\n\t\t\t\tComprensi\u00f3n de la cirug\u00eda bari\u00e1trica: una descripci\u00f3n general completa\t\t\t<\/a>\n\t\t<\/h3>\n\t\t\t\t<div class=\"elementor-post__meta-data\">\n\t\t\t\t\t<span class=\"elementor-post-date\">\n\t\t\tjunio 18, 2024\t\t<\/span>\n\t\t\t\t<span class=\"elementor-post-avatar\">\n\t\t\tNo hay comentarios\t\t<\/span>\n\t\t\t\t<\/div>\n\t\t\t\t<div class=\"elementor-post__excerpt\">\n\t\t\t<p>La cirug\u00eda bari\u00e1trica se refiere a un grupo de procedimientos quir\u00fargicos destinados a ayudar a las personas con obesidad grave a perder peso. Estos procedimientos alteran el sistema digestivo para limitar la ingesta de alimentos y\/o reducir la absorci\u00f3n de nutrientes, lo que conduce a una p\u00e9rdida de peso significativa y mejoras en las condiciones de salud relacionadas con la obesidad. Tipos de cirug\u00eda bari\u00e1trica Beneficios de la cirug\u00eda bari\u00e1trica Riesgos y consideraciones \u00bfQui\u00e9n es candidato para la cirug\u00eda bari\u00e1trica? Conclusi\u00f3n La cirug\u00eda bari\u00e1trica ofrece una soluci\u00f3n viable para las personas que luchan contra la obesidad severa y sus condiciones de salud relacionadas. Si bien presenta importantes beneficios en t\u00e9rminos de p\u00e9rdida de peso y mejora de la salud, tambi\u00e9n requiere un compromiso de por vida con cambios en la dieta y el estilo de vida. Consultar con un cirujano bari\u00e1trico calificado es esencial para determinar el procedimiento m\u00e1s apropiado y comprender los posibles riesgos y beneficios. Para obtener informaci\u00f3n m\u00e1s detallada, considere consultar fuentes m\u00e9dicas acreditadas o hablar directamente con un profesional de la salud especializado en cirug\u00eda bari\u00e1trica.<\/p>\n\t\t<\/div>\n\t\t\n\t\t<a class=\"elementor-post__read-more\" href=\"https:\/\/ciba-usa.com\/es\/understanding-bariatric-surgery-a-comprehensive-overview\/\" aria-label=\"Read more about Understanding Bariatric Surgery: A Comprehensive Overview\" tabindex=\"-1\" >\n\t\t\tLeer m\u00e1s \u00bb\t\t<\/a>\n\n\t\t\t\t<\/div>\n\t\t\t\t<\/article>\n\t\t\t\t<article class=\"elementor-post elementor-grid-item post-2482 post type-post status-publish format-standard has-post-thumbnail hentry category-surgeries entry has-media owp-thumbs-layout-horizontal owp-btn-normal owp-tabs-layout-horizontal has-no-thumbnails has-product-nav\">\n\t\t\t\t<a class=\"elementor-post__thumbnail__link\" href=\"https:\/\/ciba-usa.com\/es\/understanding-mini-gastric-bypass-a-comprehensive-guide-2\/\" tabindex=\"-1\" >\n\t\t\t<div class=\"elementor-post__thumbnail\"><img loading=\"lazy\" decoding=\"async\" width=\"300\" height=\"163\" src=\"https:\/\/ciba-usa.com\/wp-content\/uploads\/2024\/07\/minibypass-02-1.jpg\" class=\"attachment-medium size-medium wp-image-1183\" alt=\"\" sizes=\"(max-width: 300px) 100vw, 300px\" \/><\/div>\n\t\t<\/a>\n\t\t\t\t<div class=\"elementor-post__text\">\n\t\t\t\t<h3 class=\"elementor-post__title\">\n\t\t\t<a href=\"https:\/\/ciba-usa.com\/es\/understanding-mini-gastric-bypass-a-comprehensive-guide-2\/\" >\n\t\t\t\tComprensi\u00f3n del mini bypass g\u00e1strico: una gu\u00eda completa\t\t\t<\/a>\n\t\t<\/h3>\n\t\t\t\t<div class=\"elementor-post__meta-data\">\n\t\t\t\t\t<span class=\"elementor-post-date\">\n\t\t\tjunio 18, 2024\t\t<\/span>\n\t\t\t\t<span class=\"elementor-post-avatar\">\n\t\t\tNo hay comentarios\t\t<\/span>\n\t\t\t\t<\/div>\n\t\t\t\t<div class=\"elementor-post__excerpt\">\n\t\t\t<p>El Mini Bypass G\u00e1strico (MGB) es un procedimiento de cirug\u00eda bari\u00e1trica dise\u00f1ado para ayudar a las personas a lograr una p\u00e9rdida de peso significativa mediante la modificaci\u00f3n del sistema digestivo. Esta t\u00e9cnica quir\u00fargica se considera menos invasiva en comparaci\u00f3n con el bypass g\u00e1strico tradicional en Y de Roux, lo que la convierte en una opci\u00f3n popular entre los pacientes que buscan soluciones de p\u00e9rdida de peso eficaces y sostenibles. \u00bfQu\u00e9 es el mini bypass g\u00e1strico? El Mini Bypass G\u00e1strico implica crear una peque\u00f1a bolsa tubular en el est\u00f3mago y desviar un segmento del intestino delgado a esta nueva bolsa. Este procedimiento reduce efectivamente el tama\u00f1o del est\u00f3mago y la longitud del tracto digestivo que los alimentos pasan por alto, lo que limita la ingesta de alimentos y la absorci\u00f3n de nutrientes. Pasos clave del procedimiento: Beneficios del mini bypass g\u00e1strico Riesgos y consideraciones Como ocurre con cualquier procedimiento quir\u00fargico, existen riesgos asociados con el mini bypass g\u00e1strico, que incluyen: Cuidado posoperatorio Despu\u00e9s de la cirug\u00eda, los pacientes deben seguir una dieta espec\u00edfica y cambios en el estilo de vida para asegurar el \u00e9xito a largo plazo. Esto incluye: Conclusi\u00f3n El Mini Bypass G\u00e1strico es una opci\u00f3n de cirug\u00eda bari\u00e1trica eficaz para quienes luchan contra la obesidad grave y problemas de salud relacionados. Su naturaleza m\u00ednimamente invasiva, combinada con importantes resultados de p\u00e9rdida de peso, la convierte en una opci\u00f3n atractiva. Sin embargo, es esencial que los pacientes se comprometan a realizar cambios en la dieta y el estilo de vida de por vida para mantener los beneficios de la cirug\u00eda.<\/p>\n\t\t<\/div>\n\t\t\n\t\t<a class=\"elementor-post__read-more\" href=\"https:\/\/ciba-usa.com\/es\/understanding-mini-gastric-bypass-a-comprehensive-guide-2\/\" aria-label=\"Read more about Understanding Mini Gastric Bypass: A Comprehensive Guide\" tabindex=\"-1\" >\n\t\t\tLeer m\u00e1s \u00bb\t\t<\/a>\n\n\t\t\t\t<\/div>\n\t\t\t\t<\/article>\n\t\t\t\t<\/div>\n\t\t\n\t\t\t\t\t\t<\/div>\n\t\t\t\t<\/div>\n\t\t\t\t\t<\/div>\n\t\t\t\t<\/div>\n\t\t\t\t<\/div>","protected":false},"excerpt":{"rendered":"<p>ART\u00cdCULOS<\/p>","protected":false},"author":1,"featured_media":0,"parent":0,"menu_order":0,"comment_status":"closed","ping_status":"closed","template":"","meta":{"_joinchat":[],"footnotes":""},"class_list":["post-16","page","type-page","status-publish","hentry","entry","has-media","owp-thumbs-layout-horizontal","owp-btn-normal","owp-tabs-layout-horizontal","has-no-thumbnails","has-product-nav"],"yoast_head":"<!-- This site is optimized with the Yoast SEO plugin v25.4 - https:\/\/yoast.com\/wordpress\/plugins\/seo\/ -->\n<title>Blog - Ciba USA<\/title>\n<meta name=\"robots\" content=\"index, follow, max-snippet:-1, max-image-preview:large, max-video-preview:-1\" \/>\n<link rel=\"canonical\" href=\"https:\/\/ciba-usa.com\/es\/blog\/\" \/>\n<meta property=\"og:locale\" content=\"es_MX\" \/>\n<meta property=\"og:type\" content=\"article\" \/>\n<meta property=\"og:title\" content=\"Blog - Ciba USA\" \/>\n<meta property=\"og:description\" content=\"BLOG\" \/>\n<meta property=\"og:url\" content=\"https:\/\/ciba-usa.com\/es\/blog\/\" \/>\n<meta property=\"og:site_name\" content=\"Ciba USA\" \/>\n<meta property=\"article:modified_time\" content=\"2024-05-28T01:16:49+00:00\" \/>\n<meta name=\"twitter:card\" content=\"summary_large_image\" \/>\n<script type=\"application\/ld+json\" class=\"yoast-schema-graph\">{\"@context\":\"https:\/\/schema.org\",\"@graph\":[{\"@type\":\"WebPage\",\"@id\":\"https:\/\/ciba-usa.com\/blog\/\",\"url\":\"https:\/\/ciba-usa.com\/blog\/\",\"name\":\"Blog - Ciba USA\",\"isPartOf\":{\"@id\":\"https:\/\/ciba-usa.com\/es\/#website\"},\"datePublished\":\"2024-05-16T17:12:47+00:00\",\"dateModified\":\"2024-05-28T01:16:49+00:00\",\"breadcrumb\":{\"@id\":\"https:\/\/ciba-usa.com\/blog\/#breadcrumb\"},\"inLanguage\":\"es\",\"potentialAction\":[{\"@type\":\"ReadAction\",\"target\":[\"https:\/\/ciba-usa.com\/blog\/\"]}]},{\"@type\":\"BreadcrumbList\",\"@id\":\"https:\/\/ciba-usa.com\/blog\/#breadcrumb\",\"itemListElement\":[{\"@type\":\"ListItem\",\"position\":1,\"name\":\"Home\",\"item\":\"https:\/\/ciba-usa.com\/\"},{\"@type\":\"ListItem\",\"position\":2,\"name\":\"Blog\"}]},{\"@type\":\"WebSite\",\"@id\":\"https:\/\/ciba-usa.com\/es\/#website\",\"url\":\"https:\/\/ciba-usa.com\/es\/\",\"name\":\"Ciba USA\",\"description\":\"\",\"publisher\":{\"@id\":\"https:\/\/ciba-usa.com\/es\/#organization\"},\"potentialAction\":[{\"@type\":\"SearchAction\",\"target\":{\"@type\":\"EntryPoint\",\"urlTemplate\":\"https:\/\/ciba-usa.com\/es\/?s={search_term_string}\"},\"query-input\":{\"@type\":\"PropertyValueSpecification\",\"valueRequired\":true,\"valueName\":\"search_term_string\"}}],\"inLanguage\":\"es\"},{\"@type\":\"Organization\",\"@id\":\"https:\/\/ciba-usa.com\/es\/#organization\",\"name\":\"Ciba USA\",\"url\":\"https:\/\/ciba-usa.com\/es\/\",\"logo\":{\"@type\":\"ImageObject\",\"inLanguage\":\"es\",\"@id\":\"https:\/\/ciba-usa.com\/es\/#\/schema\/logo\/image\/\",\"url\":\"https:\/\/ciba-usa.com\/wp-content\/uploads\/2024\/05\/cibausa-logo-azul.png\",\"contentUrl\":\"https:\/\/ciba-usa.com\/wp-content\/uploads\/2024\/05\/cibausa-logo-azul.png\",\"width\":81,\"height\":82,\"caption\":\"Ciba USA\"},\"image\":{\"@id\":\"https:\/\/ciba-usa.com\/es\/#\/schema\/logo\/image\/\"}}]}<\/script>\n<!-- \/ Yoast SEO plugin. -->","yoast_head_json":{"title":"Blog - Ciba USA","robots":{"index":"index","follow":"follow","max-snippet":"max-snippet:-1","max-image-preview":"max-image-preview:large","max-video-preview":"max-video-preview:-1"},"canonical":"https:\/\/ciba-usa.com\/es\/blog\/","og_locale":"es_MX","og_type":"article","og_title":"Blog - Ciba USA","og_description":"BLOG","og_url":"https:\/\/ciba-usa.com\/es\/blog\/","og_site_name":"Ciba USA","article_modified_time":"2024-05-28T01:16:49+00:00","twitter_card":"summary_large_image","schema":{"@context":"https:\/\/schema.org","@graph":[{"@type":"WebPage","@id":"https:\/\/ciba-usa.com\/blog\/","url":"https:\/\/ciba-usa.com\/blog\/","name":"Blog - Ciba USA","isPartOf":{"@id":"https:\/\/ciba-usa.com\/es\/#website"},"datePublished":"2024-05-16T17:12:47+00:00","dateModified":"2024-05-28T01:16:49+00:00","breadcrumb":{"@id":"https:\/\/ciba-usa.com\/blog\/#breadcrumb"},"inLanguage":"es","potentialAction":[{"@type":"ReadAction","target":["https:\/\/ciba-usa.com\/blog\/"]}]},{"@type":"BreadcrumbList","@id":"https:\/\/ciba-usa.com\/blog\/#breadcrumb","itemListElement":[{"@type":"ListItem","position":1,"name":"Home","item":"https:\/\/ciba-usa.com\/"},{"@type":"ListItem","position":2,"name":"Blog"}]},{"@type":"WebSite","@id":"https:\/\/ciba-usa.com\/es\/#website","url":"https:\/\/ciba-usa.com\/es\/","name":"Ciba USA","description":"","publisher":{"@id":"https:\/\/ciba-usa.com\/es\/#organization"},"potentialAction":[{"@type":"SearchAction","target":{"@type":"EntryPoint","urlTemplate":"https:\/\/ciba-usa.com\/es\/?s={search_term_string}"},"query-input":{"@type":"PropertyValueSpecification","valueRequired":true,"valueName":"search_term_string"}}],"inLanguage":"es"},{"@type":"Organization","@id":"https:\/\/ciba-usa.com\/es\/#organization","name":"Ciba USA","url":"https:\/\/ciba-usa.com\/es\/","logo":{"@type":"ImageObject","inLanguage":"es","@id":"https:\/\/ciba-usa.com\/es\/#\/schema\/logo\/image\/","url":"https:\/\/ciba-usa.com\/wp-content\/uploads\/2024\/05\/cibausa-logo-azul.png","contentUrl":"https:\/\/ciba-usa.com\/wp-content\/uploads\/2024\/05\/cibausa-logo-azul.png","width":81,"height":82,"caption":"Ciba USA"},"image":{"@id":"https:\/\/ciba-usa.com\/es\/#\/schema\/logo\/image\/"}}]}},"_links":{"self":[{"href":"https:\/\/ciba-usa.com\/es\/wp-json\/wp\/v2\/pages\/16","targetHints":{"allow":["GET"]}}],"collection":[{"href":"https:\/\/ciba-usa.com\/es\/wp-json\/wp\/v2\/pages"}],"about":[{"href":"https:\/\/ciba-usa.com\/es\/wp-json\/wp\/v2\/types\/page"}],"author":[{"embeddable":true,"href":"https:\/\/ciba-usa.com\/es\/wp-json\/wp\/v2\/users\/1"}],"replies":[{"embeddable":true,"href":"https:\/\/ciba-usa.com\/es\/wp-json\/wp\/v2\/comments?post=16"}],"version-history":[{"count":0,"href":"https:\/\/ciba-usa.com\/es\/wp-json\/wp\/v2\/pages\/16\/revisions"}],"wp:attachment":[{"href":"https:\/\/ciba-usa.com\/es\/wp-json\/wp\/v2\/media?parent=16"}],"curies":[{"name":"wp","href":"https:\/\/api.w.org\/{rel}","templated":true}]}}