{"id":2082,"date":"2024-06-11T19:10:38","date_gmt":"2024-06-11T19:10:38","guid":{"rendered":"https:\/\/ciba-usa.com\/?page_id=2082"},"modified":"2024-06-11T19:10:56","modified_gmt":"2024-06-11T19:10:56","slug":"terms-and-conditions","status":"publish","type":"page","link":"https:\/\/ciba-usa.com\/es\/terms-and-conditions\/","title":{"rendered":"Terms and Conditions"},"content":{"rendered":"<div data-elementor-type=\"wp-page\" data-elementor-id=\"2082\" class=\"elementor elementor-2082\" data-elementor-post-type=\"page\">\n\t\t\t\t<div class=\"elementor-element elementor-element-27ddcef e-con-full e-flex wpr-particle-no wpr-jarallax-no wpr-parallax-no wpr-sticky-section-no e-con e-parent\" data-id=\"27ddcef\" data-element_type=\"container\">\n\t\t\t\t<div class=\"elementor-element elementor-element-4777e8b elementor-widget elementor-widget-template\" data-id=\"4777e8b\" data-element_type=\"widget\" data-widget_type=\"template.default\">\n\t\t\t\t<div class=\"elementor-widget-container\">\n\t\t\t\t\t\t\t<div class=\"elementor-template\">\n\t\t\t\t\t<div data-elementor-type=\"page\" data-elementor-id=\"2080\" class=\"elementor elementor-2080\" data-elementor-post-type=\"elementor_library\">\n\t\t\t\t\t\t<section class=\"elementor-section elementor-top-section elementor-element elementor-element-14dce9d4 elementor-section-boxed elementor-section-height-default elementor-section-height-default wpr-particle-no wpr-jarallax-no wpr-parallax-no wpr-sticky-section-no\" data-id=\"14dce9d4\" data-element_type=\"section\">\n\t\t\t\t\t\t<div class=\"elementor-container elementor-column-gap-default\">\n\t\t\t\t\t<div class=\"elementor-column elementor-col-100 elementor-top-column elementor-element elementor-element-1ddac9a8\" data-id=\"1ddac9a8\" data-element_type=\"column\">\n\t\t\t<div class=\"elementor-widget-wrap elementor-element-populated\">\n\t\t\t\t\t\t<div class=\"elementor-element elementor-element-68878694 elementor-widget elementor-widget-text-editor\" data-id=\"68878694\" data-element_type=\"widget\" data-widget_type=\"text-editor.default\">\n\t\t\t\t<div class=\"elementor-widget-container\">\n\t\t\t\t\t\t\t\t\t<section class=\"policy\"><div class=\"container\"><h1>Acuerdo de T\u00e9rminos y Condiciones de Uso CIBA USA (CU)<\/h1><h4>POR FAVOR LEA DETENIDAMENTE LOS T\u00c9RMINOS Y CONDICIONES DE USO ANTES DE UTILIZAR ESTE SITIO.<\/h4><p>Este sitio es de uso gratuito por nuestros visitantes. Y al utilizar este sitio, www. <a href=\"https:\/\/www.ciba-old.webgiantstudios.us\/\">ciba-usa.com<\/a> (el Sitio), usted, el usuario, acepta cumplir y estar sujeto a los siguientes t\u00e9rminos de uso. Despu\u00e9s de revisar detenidamente los siguientes t\u00e9rminos y condiciones, si no est\u00e1 de acuerdo con los t\u00e9rminos y condiciones, no utilice este sitio. CU se reserva el derecho, a su exclusivo criterio, de modificar o reemplazar cualquier parte de este Acuerdo, as\u00ed como todos sus precios, tarifas o tarifas proporcionadas en el Sitio o en folletos y materiales asociados est\u00e1n sujetos a cambios sin previo aviso. Pueden aplicarse condiciones especiales a los precios establecidos en los materiales y en el Sitio. Los precios proporcionados est\u00e1n en d\u00f3lares estadounidenses por persona. Los precios pueden cambiar y pueden no reflejarse en el Sitio.<\/p><p>Es su responsabilidad revisar este Acuerdo peri\u00f3dicamente para detectar cambios. Su uso continuo o acceso al Sitio despu\u00e9s de la publicaci\u00f3n de cualquier cambio en este Acuerdo constituye la aceptaci\u00f3n de dichos cambios. CU tambi\u00e9n puede, en el futuro, ofrecer nuevos servicios y\/o caracter\u00edsticas a trav\u00e9s del Sitio (incluido el lanzamiento de nuevas herramientas y recursos). Dichas nuevas caracter\u00edsticas y\/o servicios estar\u00e1n sujetos a los t\u00e9rminos y condiciones de este Acuerdo. Usted acepta los t\u00e9rminos y condiciones descritos en este Acuerdo de T\u00e9rminos y condiciones de uso (Acuerdo) con respecto a nuestro Sitio. Este Acuerdo constituye el acuerdo completo y \u00fanico entre CU y usted, y reemplaza todos los acuerdos, representaciones, garant\u00edas y entendimientos anteriores o contempor\u00e1neos con respecto al Sitio, el contenido, las ofertas o servicios proporcionados o enumerados en el Sitio, y el tema. materia de este Acuerdo. Podemos modificar este Acuerdo en cualquier momento y con cualquier frecuencia sin previo aviso espec\u00edfico. El Acuerdo m\u00e1s reciente se publicar\u00e1 en el Sitio y usted debe revisar este Acuerdo antes de utilizar el Sitio. Los contenidos o materiales proporcionados en este Sitio son solo para informaci\u00f3n general y no pretenden ser un consejo m\u00e9dico. CU no ofrece ninguna garant\u00eda, ya sea expresa o impl\u00edcita, con respecto a la integridad, exactitud o idoneidad de esta informaci\u00f3n para ning\u00fan prop\u00f3sito particular. Algunos de los contenidos o materiales de este Sitio pueden verse afectados por desarrollos legislativos, regulatorios, judiciales u otros vigentes, que no se reflejan aqu\u00ed. No asumimos ninguna responsabilidad por los da\u00f1os que surjan de su uso o imposibilidad de utilizar el Sitio. CU tambi\u00e9n se reserva el derecho de cancelar un usuario o un enlace externo por violaci\u00f3n repetida de sus T\u00e9rminos y condiciones u otras pol\u00edticas.<\/p><p>El Sitio puede contener enlaces activos a otros sitios web o documentos. Dichos enlaces se proporcionan para su comodidad y no pretenden ser un respaldo por parte de CU a las organizaciones afiliadas. CU no es responsable del contenido de los sitios web vinculados ni de sus pr\u00e1cticas de privacidad.<\/p><p><strong>USO DE INFORMACI\u00d3N Y RECURSOS. <\/strong>CU pone este Sitio a disposici\u00f3n con el \u00fanico prop\u00f3sito de brindar informaci\u00f3n educativa general sobre temas relacionados con la salud y brindar acceso a recursos relacionados con la salud. Este Sitio y su informaci\u00f3n y recursos relacionados con la salud no pretenden sustituir el asesoramiento m\u00e9dico profesional ni la atenci\u00f3n que los pacientes reciben de sus m\u00e9dicos. Nada en este Sitio est\u00e1 destinado a ser utilizado para diagn\u00f3stico o tratamiento m\u00e9dico. Siempre busque el consejo de su m\u00e9dico antes de comenzar cualquier tratamiento nuevo o si tiene alguna pregunta sobre una condici\u00f3n m\u00e9dica. No debe ignorar los consejos m\u00e9dicos ni retrasar la b\u00fasqueda de consejos m\u00e9dicos debido a algo que lea en este Sitio.<\/p><p>Este Sitio y su informaci\u00f3n y recursos relacionados con la salud no est\u00e1n destinados, ni deben considerarse, como la prestaci\u00f3n de asesoramiento o servicios m\u00e9dicos, de enfermer\u00eda o de atenci\u00f3n m\u00e9dica profesional, o la pr\u00e1ctica de la medicina, la enfermer\u00eda o la atenci\u00f3n m\u00e9dica profesional. en cualquier jurisdicci\u00f3n. Adem\u00e1s, CU no es responsable de la informaci\u00f3n proporcionada por los proveedores de contenido de informaci\u00f3n de salud, los sitios de terceros vinculados o enmarcados en el Sitio, o los sitios de terceros, y no hace ninguna declaraci\u00f3n con respecto al contenido, la precisi\u00f3n o la actualidad de cualquiera de dichos. informaci\u00f3n.<\/p><p>Por informaci\u00f3n relacionada con la salud, nos referimos a la informaci\u00f3n relacionada con la salud, m\u00e9dica y de bienestar disponible a trav\u00e9s del Sitio que incluye, entre otros, texto, gr\u00e1ficos, videos e im\u00e1genes; informaci\u00f3n creada por proveedores de contenido de informaci\u00f3n de salud, otorgantes de licencias, proveedores y otros terceros; anuncios; y cualquier otro material, informaci\u00f3n o contenido de informaci\u00f3n de salud accesible en sitios web de terceros a los que CU pueda tener enlaces.<\/p><p><strong>DISCLAIMER. <\/strong>CU es una empresa de turismo m\u00e9dico que trabaja de forma independiente, facilitando la obtenci\u00f3n de servicios m\u00e9dicos brindados por profesionales de la salud que no son empleados de CU. La confianza en cualquier informaci\u00f3n o referencia por parte de CU es responsabilidad exclusiva suya y\/o del paciente y CU no asume responsabilidad alguna por los consejos, servicios y opiniones proporcionados. Ni CU ni ninguno de sus empleados brindan asesoramiento o servicio m\u00e9dico ni respaldan ni seleccionan a ning\u00fan proveedor de atenci\u00f3n m\u00e9dica. CU s\u00f3lo es responsable de la coordinaci\u00f3n de los servicios que no est\u00e1n relacionados m\u00e9dicamente. Usted comprende que CU y sus empleados no son m\u00e9dicos y que no est\u00e1 decidiendo un procedimiento m\u00e9dico bas\u00e1ndose en nada impl\u00edcito en ellos. La decisi\u00f3n de someterse a un procedimiento m\u00e9dico se basa en su propia investigaci\u00f3n y en el asesoramiento del personal m\u00e9dico. Usted entiende que cualquier disputa o reclamo que surja de los procedimientos y servicios m\u00e9dicos brindados se presentar\u00e1 contra las instalaciones m\u00e9dicas, el personal m\u00e9dico o los cirujanos en M\u00e9xico. CU le pide que no publique ning\u00fan mensaje con lenguaje o declaraciones enga\u00f1osas, falsas o inapropiadas. CU se reserva el derecho de eliminar cualquier contenido ofensivo o fraudulento en cualquier momento sin su consentimiento. Cuando coloca materiales o informaci\u00f3n en el Sitio de CU que est\u00e1 disponible p\u00fablicamente, otorga a CU una licencia irrevocable y perpetua para usar esa informaci\u00f3n. Por ejemplo, CU tiene derecho a mostrar los comentarios que usted publique en su Sitio a su discreci\u00f3n. CU considerar\u00e1 las solicitudes para eliminar informaci\u00f3n que usted ponga a disposici\u00f3n del p\u00fablico en su Sitio de forma individual. Env\u00ede sus solicitudes a la direcci\u00f3n de correo electr\u00f3nico que se encuentra en la p\u00e1gina de Contacto del Sitio de CU. Para obtener informaci\u00f3n y materiales que coloque en el Sitio que no est\u00e9n disponibles p\u00fablicamente, consulte la Pol\u00edtica de privacidad para obtener una explicaci\u00f3n de c\u00f3mo CU usa esa informaci\u00f3n y sus derechos para cambiarla o eliminarla.<\/p><p><strong>PROPIEDAD INTELECTUAL. <\/strong>Este Acuerdo no transfiere de CU a usted ninguna propiedad intelectual de CU o de terceros, y todos los derechos, t\u00edtulos e intereses sobre dicha propiedad permanecer\u00e1n (entre las partes) \u00fanicamente en CU. CIBA USA, ciba-usa.com, el logotipo de CIBA USA y todas las dem\u00e1s marcas comerciales, marcas de servicio, gr\u00e1ficos y logotipos utilizados en relaci\u00f3n con ciba-usa.com o el sitio web son marcas comerciales o marcas comerciales registradas de CU o de los licenciantes de CU. . Otras marcas comerciales, marcas de servicio, gr\u00e1ficos y logotipos utilizados en relaci\u00f3n con el Sitio pueden ser marcas comerciales de otros terceros. Su uso del Sitio no le otorga ning\u00fan derecho o licencia para reproducir o utilizar de otro modo ninguna marca comercial de CU o de terceros. Pol\u00edtica de derechos de autor y DMCA. Mientras pedimos a otros que respeten sus derechos de propiedad intelectual, CU respeta los derechos de propiedad intelectual de otros.<\/p><p>Usted acepta defender, indemnizar y eximir de responsabilidad a CU, sus contratistas y sus licenciantes, y sus respectivos directores, miembros, funcionarios, empleados y agentes de y contra todos y cada uno de los reclamos y gastos, incluidos los honorarios de abogados, que surjan de su uso. del Sitio, incluyendo, entre otros, su violaci\u00f3n de este Acuerdo. Excepto en la medida en que la ley aplicable, si la hubiera, disponga lo contrario, este Acuerdo, cualquier acceso o uso del Sitio se regir\u00e1 por las leyes de Tijuana, Baja California, excluyendo sus disposiciones sobre conflicto de leyes, y el lugar adecuado para cualquier Las disputas que surjan de o se relacionen con cualquiera de los mismos ser\u00e1n los tribunales estatales y federales ubicados en Tijuana, Baja California. Excepto por reclamos por medidas cautelares o equitativas o reclamos relacionados con derechos de propiedad intelectual (que pueden presentarse ante cualquier tribunal competente sin la presentaci\u00f3n de una fianza), cualquier disputa que surja en virtud de este Acuerdo se resolver\u00e1 finalmente de acuerdo con las Reglas Integrales de Arbitraje de la Judicial Arbitration and Mediation Service, Inc. (\u201cJAMS\u201d) por tres \u00e1rbitros designados de conformidad con dichas Reglas. El arbitraje se llevar\u00e1 a cabo en Tijuana, Baja California, en idioma ingl\u00e9s y la decisi\u00f3n arbitral podr\u00e1 hacerse cumplir en cualquier tribunal. La parte que prevalezca en cualquier acci\u00f3n o procedimiento para hacer cumplir este Acuerdo tendr\u00e1 derecho a los costos y honorarios de los abogados.<\/p><\/div><\/section>\t\t\t\t\t\t\t\t<\/div>\n\t\t\t\t<\/div>\n\t\t\t\t\t<\/div>\n\t\t<\/div>\n\t\t\t\t\t<\/div>\n\t\t<\/section>\n\t\t\t\t<\/div>\n\t\t\t\t<\/div>\n\t\t\t\t\t\t<\/div>\n\t\t\t\t<\/div>\n\t\t\t\t<\/div>\n\t\t\t\t<\/div>","protected":false},"excerpt":{"rendered":"","protected":false},"author":1,"featured_media":0,"parent":0,"menu_order":0,"comment_status":"closed","ping_status":"closed","template":"elementor_header_footer","meta":{"_joinchat":[],"footnotes":""},"class_list":["post-2082","page","type-page","status-publish","hentry","entry","owp-thumbs-layout-horizontal","owp-btn-normal","owp-tabs-layout-horizontal","has-no-thumbnails","has-product-nav"],"yoast_head":"<!-- This site is optimized with the Yoast SEO plugin v25.4 - https:\/\/yoast.com\/wordpress\/plugins\/seo\/ -->\n<title>Terms and Conditions - Ciba USA<\/title>\n<meta name=\"robots\" content=\"index, follow, max-snippet:-1, max-image-preview:large, max-video-preview:-1\" \/>\n<link rel=\"canonical\" href=\"https:\/\/ciba-usa.com\/es\/terms-and-conditions\/\" \/>\n<meta property=\"og:locale\" content=\"es_MX\" \/>\n<meta property=\"og:type\" content=\"article\" \/>\n<meta property=\"og:title\" content=\"Terms and Conditions - Ciba USA\" \/>\n<meta property=\"og:url\" content=\"https:\/\/ciba-usa.com\/es\/terms-and-conditions\/\" \/>\n<meta property=\"og:site_name\" content=\"Ciba USA\" \/>\n<meta property=\"article:modified_time\" content=\"2024-06-11T19:10:56+00:00\" \/>\n<meta name=\"twitter:card\" content=\"summary_large_image\" \/>\n<script type=\"application\/ld+json\" class=\"yoast-schema-graph\">{\"@context\":\"https:\/\/schema.org\",\"@graph\":[{\"@type\":\"WebPage\",\"@id\":\"https:\/\/ciba-usa.com\/terms-and-conditions\/\",\"url\":\"https:\/\/ciba-usa.com\/terms-and-conditions\/\",\"name\":\"Terms and Conditions - Ciba USA\",\"isPartOf\":{\"@id\":\"https:\/\/ciba-usa.com\/es\/#website\"},\"datePublished\":\"2024-06-11T19:10:38+00:00\",\"dateModified\":\"2024-06-11T19:10:56+00:00\",\"breadcrumb\":{\"@id\":\"https:\/\/ciba-usa.com\/terms-and-conditions\/#breadcrumb\"},\"inLanguage\":\"es\",\"potentialAction\":[{\"@type\":\"ReadAction\",\"target\":[\"https:\/\/ciba-usa.com\/terms-and-conditions\/\"]}]},{\"@type\":\"BreadcrumbList\",\"@id\":\"https:\/\/ciba-usa.com\/terms-and-conditions\/#breadcrumb\",\"itemListElement\":[{\"@type\":\"ListItem\",\"position\":1,\"name\":\"Home\",\"item\":\"https:\/\/ciba-usa.com\/\"},{\"@type\":\"ListItem\",\"position\":2,\"name\":\"Terms and Conditions\"}]},{\"@type\":\"WebSite\",\"@id\":\"https:\/\/ciba-usa.com\/es\/#website\",\"url\":\"https:\/\/ciba-usa.com\/es\/\",\"name\":\"Ciba USA\",\"description\":\"\",\"publisher\":{\"@id\":\"https:\/\/ciba-usa.com\/es\/#organization\"},\"potentialAction\":[{\"@type\":\"SearchAction\",\"target\":{\"@type\":\"EntryPoint\",\"urlTemplate\":\"https:\/\/ciba-usa.com\/es\/?s={search_term_string}\"},\"query-input\":{\"@type\":\"PropertyValueSpecification\",\"valueRequired\":true,\"valueName\":\"search_term_string\"}}],\"inLanguage\":\"es\"},{\"@type\":\"Organization\",\"@id\":\"https:\/\/ciba-usa.com\/es\/#organization\",\"name\":\"Ciba USA\",\"url\":\"https:\/\/ciba-usa.com\/es\/\",\"logo\":{\"@type\":\"ImageObject\",\"inLanguage\":\"es\",\"@id\":\"https:\/\/ciba-usa.com\/es\/#\/schema\/logo\/image\/\",\"url\":\"https:\/\/ciba-usa.com\/wp-content\/uploads\/2024\/05\/cibausa-logo-azul.png\",\"contentUrl\":\"https:\/\/ciba-usa.com\/wp-content\/uploads\/2024\/05\/cibausa-logo-azul.png\",\"width\":81,\"height\":82,\"caption\":\"Ciba USA\"},\"image\":{\"@id\":\"https:\/\/ciba-usa.com\/es\/#\/schema\/logo\/image\/\"}}]}<\/script>\n<!-- \/ Yoast SEO plugin. -->","yoast_head_json":{"title":"Terms and Conditions - Ciba USA","robots":{"index":"index","follow":"follow","max-snippet":"max-snippet:-1","max-image-preview":"max-image-preview:large","max-video-preview":"max-video-preview:-1"},"canonical":"https:\/\/ciba-usa.com\/es\/terms-and-conditions\/","og_locale":"es_MX","og_type":"article","og_title":"Terms and Conditions - Ciba USA","og_url":"https:\/\/ciba-usa.com\/es\/terms-and-conditions\/","og_site_name":"Ciba USA","article_modified_time":"2024-06-11T19:10:56+00:00","twitter_card":"summary_large_image","schema":{"@context":"https:\/\/schema.org","@graph":[{"@type":"WebPage","@id":"https:\/\/ciba-usa.com\/terms-and-conditions\/","url":"https:\/\/ciba-usa.com\/terms-and-conditions\/","name":"Terms and Conditions - Ciba USA","isPartOf":{"@id":"https:\/\/ciba-usa.com\/es\/#website"},"datePublished":"2024-06-11T19:10:38+00:00","dateModified":"2024-06-11T19:10:56+00:00","breadcrumb":{"@id":"https:\/\/ciba-usa.com\/terms-and-conditions\/#breadcrumb"},"inLanguage":"es","potentialAction":[{"@type":"ReadAction","target":["https:\/\/ciba-usa.com\/terms-and-conditions\/"]}]},{"@type":"BreadcrumbList","@id":"https:\/\/ciba-usa.com\/terms-and-conditions\/#breadcrumb","itemListElement":[{"@type":"ListItem","position":1,"name":"Home","item":"https:\/\/ciba-usa.com\/"},{"@type":"ListItem","position":2,"name":"Terms and Conditions"}]},{"@type":"WebSite","@id":"https:\/\/ciba-usa.com\/es\/#website","url":"https:\/\/ciba-usa.com\/es\/","name":"Ciba USA","description":"","publisher":{"@id":"https:\/\/ciba-usa.com\/es\/#organization"},"potentialAction":[{"@type":"SearchAction","target":{"@type":"EntryPoint","urlTemplate":"https:\/\/ciba-usa.com\/es\/?s={search_term_string}"},"query-input":{"@type":"PropertyValueSpecification","valueRequired":true,"valueName":"search_term_string"}}],"inLanguage":"es"},{"@type":"Organization","@id":"https:\/\/ciba-usa.com\/es\/#organization","name":"Ciba USA","url":"https:\/\/ciba-usa.com\/es\/","logo":{"@type":"ImageObject","inLanguage":"es","@id":"https:\/\/ciba-usa.com\/es\/#\/schema\/logo\/image\/","url":"https:\/\/ciba-usa.com\/wp-content\/uploads\/2024\/05\/cibausa-logo-azul.png","contentUrl":"https:\/\/ciba-usa.com\/wp-content\/uploads\/2024\/05\/cibausa-logo-azul.png","width":81,"height":82,"caption":"Ciba USA"},"image":{"@id":"https:\/\/ciba-usa.com\/es\/#\/schema\/logo\/image\/"}}]}},"_links":{"self":[{"href":"https:\/\/ciba-usa.com\/es\/wp-json\/wp\/v2\/pages\/2082","targetHints":{"allow":["GET"]}}],"collection":[{"href":"https:\/\/ciba-usa.com\/es\/wp-json\/wp\/v2\/pages"}],"about":[{"href":"https:\/\/ciba-usa.com\/es\/wp-json\/wp\/v2\/types\/page"}],"author":[{"embeddable":true,"href":"https:\/\/ciba-usa.com\/es\/wp-json\/wp\/v2\/users\/1"}],"replies":[{"embeddable":true,"href":"https:\/\/ciba-usa.com\/es\/wp-json\/wp\/v2\/comments?post=2082"}],"version-history":[{"count":0,"href":"https:\/\/ciba-usa.com\/es\/wp-json\/wp\/v2\/pages\/2082\/revisions"}],"wp:attachment":[{"href":"https:\/\/ciba-usa.com\/es\/wp-json\/wp\/v2\/media?parent=2082"}],"curies":[{"name":"wp","href":"https:\/\/api.w.org\/{rel}","templated":true}]}}