{"id":2088,"date":"2024-06-11T19:13:08","date_gmt":"2024-06-11T19:13:08","guid":{"rendered":"https:\/\/ciba-usa.com\/?page_id=2088"},"modified":"2024-06-11T19:13:44","modified_gmt":"2024-06-11T19:13:44","slug":"deposits","status":"publish","type":"page","link":"https:\/\/ciba-usa.com\/es\/deposits\/","title":{"rendered":"Dep\u00f3sitos"},"content":{"rendered":"<div data-elementor-type=\"wp-page\" data-elementor-id=\"2088\" class=\"elementor elementor-2088\" data-elementor-post-type=\"page\">\n\t\t\t\t<div class=\"elementor-element elementor-element-611a13e e-con-full e-flex wpr-particle-no wpr-jarallax-no wpr-parallax-no wpr-sticky-section-no e-con e-parent\" data-id=\"611a13e\" data-element_type=\"container\">\n\t\t\t\t<div class=\"elementor-element elementor-element-4821461 elementor-widget elementor-widget-template\" data-id=\"4821461\" data-element_type=\"widget\" data-widget_type=\"template.default\">\n\t\t\t\t<div class=\"elementor-widget-container\">\n\t\t\t\t\t\t\t<div class=\"elementor-template\">\n\t\t\t\t\t<div data-elementor-type=\"page\" data-elementor-id=\"2064\" class=\"elementor elementor-2064\" data-elementor-post-type=\"elementor_library\">\n\t\t\t\t\t\t<section class=\"elementor-section elementor-top-section elementor-element elementor-element-76adf11a elementor-section-boxed elementor-section-height-default elementor-section-height-default wpr-particle-no wpr-jarallax-no wpr-parallax-no wpr-sticky-section-no\" data-id=\"76adf11a\" data-element_type=\"section\">\n\t\t\t\t\t\t<div class=\"elementor-container elementor-column-gap-default\">\n\t\t\t\t\t<div class=\"elementor-column elementor-col-100 elementor-top-column elementor-element elementor-element-46199d18\" data-id=\"46199d18\" data-element_type=\"column\">\n\t\t\t<div class=\"elementor-widget-wrap elementor-element-populated\">\n\t\t\t\t\t\t<div class=\"elementor-element elementor-element-35124313 elementor-widget elementor-widget-heading\" data-id=\"35124313\" data-element_type=\"widget\" data-widget_type=\"heading.default\">\n\t\t\t\t<div class=\"elementor-widget-container\">\n\t\t\t\t\t<h2 class=\"elementor-heading-title elementor-size-default\">Instrucciones para dep\u00f3sitos y pagos de saldo CIBA USA<\/h2>\t\t\t\t<\/div>\n\t\t\t\t<\/div>\n\t\t\t\t<div class=\"elementor-element elementor-element-187cd099 elementor-widget elementor-widget-text-editor\" data-id=\"187cd099\" data-element_type=\"widget\" data-widget_type=\"text-editor.default\">\n\t\t\t\t<div class=\"elementor-widget-container\">\n\t\t\t\t\t\t\t\t\t<p><strong>Se requiere un pago inicial de $500 USD para reservar una fecha para su procedimiento quir\u00fargico.\u00a0<\/strong>Si desea realizar el pago completo de la cirug\u00eda de una sola vez o un pago por un monto superior a $500 USD, o utilizar varios m\u00e9todos de pago, puede hacerlo. Todos los pagos se realizan a CIBA USA LLC<\/p><p><strong>Balance restante<\/strong> debe pagarse 24 horas antes de la cirug\u00eda si se paga con tarjeta de cr\u00e9dito\/d\u00e9bito, ZELLE, PayPal, cheque de caja; o el d\u00eda de la cirug\u00eda s\u00f3lo si se paga en efectivo.<\/p><p>NO se aceptan las siguientes opciones de pago:<\/p><ol><li>Cuidado tarjeta de cr\u00e9dito<\/li><li>Seguro<\/li><li>Chequeos personales al llegar a M\u00e9xico<\/li><li>Pagos digitales<\/li><\/ol>\t\t\t\t\t\t\t\t<\/div>\n\t\t\t\t<\/div>\n\t\t\t\t\t<\/div>\n\t\t<\/div>\n\t\t\t\t\t<\/div>\n\t\t<\/section>\n\t\t\t\t<section class=\"elementor-section elementor-top-section elementor-element elementor-element-195f8bb3 elementor-section-boxed elementor-section-height-default elementor-section-height-default wpr-particle-no wpr-jarallax-no wpr-parallax-no wpr-sticky-section-no\" data-id=\"195f8bb3\" data-element_type=\"section\">\n\t\t\t\t\t\t<div class=\"elementor-container elementor-column-gap-default\">\n\t\t\t\t\t<div class=\"elementor-column elementor-col-100 elementor-top-column elementor-element elementor-element-7c31cc4b\" data-id=\"7c31cc4b\" data-element_type=\"column\">\n\t\t\t<div class=\"elementor-widget-wrap elementor-element-populated\">\n\t\t\t\t\t\t<div class=\"elementor-element elementor-element-38bd1865 elementor-widget elementor-widget-heading\" data-id=\"38bd1865\" data-element_type=\"widget\" data-widget_type=\"heading.default\">\n\t\t\t\t<div class=\"elementor-widget-container\">\n\t\t\t\t\t<h3 class=\"elementor-heading-title elementor-size-default\">Las siguientes opciones de pago requieren una tarifa de transacci\u00f3n adicional:\n<\/h3>\t\t\t\t<\/div>\n\t\t\t\t<\/div>\n\t\t\t\t<div class=\"elementor-element elementor-element-7b754919 elementor-widget elementor-widget-text-editor\" data-id=\"7b754919\" data-element_type=\"widget\" data-widget_type=\"text-editor.default\">\n\t\t\t\t<div class=\"elementor-widget-container\">\n\t\t\t\t\t\t\t\t\t<ul><li><b>Pago con tarjeta de d\u00e9bito o cr\u00e9dito <\/b>(opci\u00f3n recomendada para dep\u00f3sito o pago de saldo). Todos los pagos con tarjeta de cr\u00e9dito\/d\u00e9bito se procesan en California, EE. UU.; no se aplicar\u00e1n cargos por transacciones internacionales ni cargos por cambio de moneda para pagos en EE. UU. Los canadienses y otros pagadores internacionales deben consultar a sus banqueros con respecto a las tarifas de transacci\u00f3n adicionales.<\/li><br>\n\nPara utilizar una tarjeta de cr\u00e9dito o d\u00e9bito para el pago del saldo a su llegada a M\u00e9xico, el titular de la tarjeta de cr\u00e9dito debe estar presente; de \u200b\u200blo contrario, se deber\u00e1 obtener un formulario de autorizaci\u00f3n de tarjeta de cr\u00e9dito firmado por el titular de la tarjeta de cr\u00e9dito.\n\n\n<\/ul>\t\t\t\t\t\t\t\t<\/div>\n\t\t\t\t<\/div>\n\t\t\t\t<div class=\"elementor-element elementor-element-250f5a1d elementor-widget elementor-widget-text-editor\" data-id=\"250f5a1d\" data-element_type=\"widget\" data-widget_type=\"text-editor.default\">\n\t\t\t\t<div class=\"elementor-widget-container\">\n\t\t\t\t\t\t\t\t\t<ul class=\"bullet-list\">\n \t<li><strong>PayPal<\/strong>\u00a0(opci\u00f3n recomendada para dep\u00f3sito o pago de saldo). Los pagos se pueden realizar a trav\u00e9s de PayPal utilizando nuestro enlace.<a href=\"https:\/\/www.paypal.com\/paypalme\/CIBAUSA\" target=\"_blank\">\u00a0https:\/\/www.paypal.com\/paypalme\/CIBAUSA<\/a>.<\/li>\n<\/ul>\t\t\t\t\t\t\t\t<\/div>\n\t\t\t\t<\/div>\n\t\t\t\t\t<\/div>\n\t\t<\/div>\n\t\t\t\t\t<\/div>\n\t\t<\/section>\n\t\t\t\t<section class=\"elementor-section elementor-top-section elementor-element elementor-element-6964609 elementor-section-boxed elementor-section-height-default elementor-section-height-default wpr-particle-no wpr-jarallax-no wpr-parallax-no wpr-sticky-section-no\" data-id=\"6964609\" data-element_type=\"section\">\n\t\t\t\t\t\t<div class=\"elementor-container elementor-column-gap-default\">\n\t\t\t\t\t<div class=\"elementor-column elementor-col-100 elementor-top-column elementor-element elementor-element-14966fc7\" data-id=\"14966fc7\" data-element_type=\"column\">\n\t\t\t<div class=\"elementor-widget-wrap elementor-element-populated\">\n\t\t\t\t\t\t<div class=\"elementor-element elementor-element-3d74228b elementor-widget elementor-widget-heading\" data-id=\"3d74228b\" data-element_type=\"widget\" data-widget_type=\"heading.default\">\n\t\t\t\t<div class=\"elementor-widget-container\">\n\t\t\t\t\t<h3 class=\"elementor-heading-title elementor-size-default\">Las siguientes opciones de pago NO requieren tarifas de transacci\u00f3n adicionales:\n<\/h3>\t\t\t\t<\/div>\n\t\t\t\t<\/div>\n\t\t\t\t<div class=\"elementor-element elementor-element-7ce82b9a elementor-widget elementor-widget-text-editor\" data-id=\"7ce82b9a\" data-element_type=\"widget\" data-widget_type=\"text-editor.default\">\n\t\t\t\t<div class=\"elementor-widget-container\">\n\t\t\t\t\t\t\t\t\t<ul><li>Cheque de caja (opci\u00f3n recomendada para pagos de saldo restante). Generalmente, no hay ning\u00fan cargo adicional por los cheques de caja, sin embargo, algunos bancos pueden cobrar una tarifa (consulte con su banco sobre este asunto). Aceptaremos un cheque de caja para su saldo.<\/li><\/ul>\t\t\t\t\t\t\t\t<\/div>\n\t\t\t\t<\/div>\n\t\t\t\t<div class=\"elementor-element elementor-element-e1b675c elementor-widget elementor-widget-text-editor\" data-id=\"e1b675c\" data-element_type=\"widget\" data-widget_type=\"text-editor.default\">\n\t\t\t\t<div class=\"elementor-widget-container\">\n\t\t\t\t\t\t\t\t\t<ul><li><strong>ZELLE <\/strong>(recomendado para dep\u00f3sitos o pagos de saldo). Elija esta opci\u00f3n para evitar tarifas de transacci\u00f3n. Utilice la siguiente direcci\u00f3n de correo electr\u00f3nico para transferir fondos a trav\u00e9s de Zelle (aseg\u00farese de no agregar espacios):<a href=\"mailto:info@cibausa.org\">info@cibausa.org<\/a>. After sending a Zelle payment, we recommended sending an email to <a href=\"mailto:info@cibausa.org\">info@cibausa.org<\/a> notifying Ciba of payment.<\/li><\/ul>\t\t\t\t\t\t\t\t<\/div>\n\t\t\t\t<\/div>\n\t\t\t\t<div class=\"elementor-element elementor-element-176aac04 elementor-widget elementor-widget-text-editor\" data-id=\"176aac04\" data-element_type=\"widget\" data-widget_type=\"text-editor.default\">\n\t\t\t\t<div class=\"elementor-widget-container\">\n\t\t\t\t\t\t\t\t\t<ul><li><b>Efectivo<\/b> Solo se aceptan pagos en efectivo para los saldos restantes y deben pagarse al coordinador en sitio al llegar a M\u00e9xico.<\/li><\/ul>\t\t\t\t\t\t\t\t<\/div>\n\t\t\t\t<\/div>\n\t\t\t\t<div class=\"elementor-element elementor-element-7aa4004c elementor-widget elementor-widget-text-editor\" data-id=\"7aa4004c\" data-element_type=\"widget\" data-widget_type=\"text-editor.default\">\n\t\t\t\t<div class=\"elementor-widget-container\">\n\t\t\t\t\t\t\t\t\t<ul>\n \t<li><b>Transferencia<\/b> Puede realizar pagos mediante transferencia bancaria de banco a banco. Deber\u00e1 incluir un cargo adicional por transferencia bancaria entrante de $15.00. Nuestras instrucciones de cable son:<\/li><br>\n\nBanco beneficiario: JPMorgan Chase Bank<br>\nN\u00famero de ruta: 021000021<br>\nN\u00famero de cuenta: 828087798<br>\nBeneficiario: CIBA USA LLC<br>\n4122 W. Grand Ave.<br>\nChicago, IL 60651<br>\nC\u00f3digo Swift: CHASUS33\n<\/ul>\n&nbsp;\t\t\t\t\t\t\t\t<\/div>\n\t\t\t\t<\/div>\n\t\t\t\t\t<\/div>\n\t\t<\/div>\n\t\t\t\t\t<\/div>\n\t\t<\/section>\n\t\t\t\t<section class=\"elementor-section elementor-top-section elementor-element elementor-element-3ef8d544 elementor-section-boxed elementor-section-height-default elementor-section-height-default wpr-particle-no wpr-jarallax-no wpr-parallax-no wpr-sticky-section-no\" data-id=\"3ef8d544\" data-element_type=\"section\">\n\t\t\t\t\t\t<div class=\"elementor-container elementor-column-gap-default\">\n\t\t\t\t\t<div class=\"elementor-column elementor-col-100 elementor-top-column elementor-element elementor-element-579aef66\" data-id=\"579aef66\" data-element_type=\"column\">\n\t\t\t<div class=\"elementor-widget-wrap elementor-element-populated\">\n\t\t\t\t\t\t<div class=\"elementor-element elementor-element-36a875b0 elementor-widget elementor-widget-text-editor\" data-id=\"36a875b0\" data-element_type=\"widget\" data-widget_type=\"text-editor.default\">\n\t\t\t\t<div class=\"elementor-widget-container\">\n\t\t\t\t\t\t\t\t\t<p>No recomendamos viajar con m\u00e1s de $10,000 USD en efectivo por persona o por pareja para evitar una inspecci\u00f3n secundaria y problemas al cruzar la frontera. El saldo restante debe pagarse antes o el d\u00eda de la cirug\u00eda a m\u00e1s tardar. Si necesita un recibo detallado, solic\u00edtelo a su coordinador. Si tienes alguna pregunta no dudes en llamar! 844-2424-2463 y habla con tu coordinador. Todos los pagos realizados a su llegada a M\u00e9xico ser\u00e1n recibidos\/procesados \u200b\u200bpor nuestro facilitador hospitalario en el lugar.<\/p>\t\t\t\t\t\t\t\t<\/div>\n\t\t\t\t<\/div>\n\t\t\t\t\t<\/div>\n\t\t<\/div>\n\t\t\t\t\t<\/div>\n\t\t<\/section>\n\t\t\t\t<section class=\"elementor-section elementor-top-section elementor-element elementor-element-3dbc2c62 elementor-section-boxed elementor-section-height-default elementor-section-height-default wpr-particle-no wpr-jarallax-no wpr-parallax-no wpr-sticky-section-no\" data-id=\"3dbc2c62\" data-element_type=\"section\">\n\t\t\t\t\t\t<div class=\"elementor-container elementor-column-gap-default\">\n\t\t\t\t\t<div class=\"elementor-column elementor-col-100 elementor-top-column elementor-element elementor-element-17ac62e0\" data-id=\"17ac62e0\" data-element_type=\"column\">\n\t\t\t<div class=\"elementor-widget-wrap elementor-element-populated\">\n\t\t\t\t\t\t<div class=\"elementor-element elementor-element-77ad9d82 elementor-widget elementor-widget-text-editor\" data-id=\"77ad9d82\" data-element_type=\"widget\" data-widget_type=\"text-editor.default\">\n\t\t\t\t<div class=\"elementor-widget-container\">\n\t\t\t\t\t\t\t\t\t<strong>\u00a1Gracias por tu pago!<\/strong>\n\n\t\t\t\t\t\t\t\t<\/div>\n\t\t\t\t<\/div>\n\t\t\t\t\t<\/div>\n\t\t<\/div>\n\t\t\t\t\t<\/div>\n\t\t<\/section>\n\t\t\t\t<\/div>\n\t\t\t\t<\/div>\n\t\t\t\t\t\t<\/div>\n\t\t\t\t<\/div>\n\t\t\t\t<\/div>\n\t\t\t\t<\/div>","protected":false},"excerpt":{"rendered":"","protected":false},"author":1,"featured_media":0,"parent":0,"menu_order":0,"comment_status":"closed","ping_status":"closed","template":"elementor_header_footer","meta":{"_joinchat":[],"footnotes":""},"class_list":["post-2088","page","type-page","status-publish","hentry","entry","owp-thumbs-layout-horizontal","owp-btn-normal","owp-tabs-layout-horizontal","has-no-thumbnails","has-product-nav"],"yoast_head":"<!-- This site is optimized with the Yoast SEO plugin v25.4 - https:\/\/yoast.com\/wordpress\/plugins\/seo\/ -->\n<title>Deposits - Ciba USA<\/title>\n<meta name=\"robots\" content=\"index, follow, max-snippet:-1, max-image-preview:large, max-video-preview:-1\" \/>\n<link rel=\"canonical\" href=\"https:\/\/ciba-usa.com\/es\/deposits\/\" \/>\n<meta property=\"og:locale\" content=\"es_MX\" \/>\n<meta property=\"og:type\" content=\"article\" \/>\n<meta property=\"og:title\" content=\"Deposits - Ciba USA\" \/>\n<meta property=\"og:url\" content=\"https:\/\/ciba-usa.com\/es\/deposits\/\" \/>\n<meta property=\"og:site_name\" content=\"Ciba USA\" \/>\n<meta property=\"article:modified_time\" content=\"2024-06-11T19:13:44+00:00\" \/>\n<meta name=\"twitter:card\" content=\"summary_large_image\" \/>\n<script type=\"application\/ld+json\" class=\"yoast-schema-graph\">{\"@context\":\"https:\/\/schema.org\",\"@graph\":[{\"@type\":\"WebPage\",\"@id\":\"https:\/\/ciba-usa.com\/deposits\/\",\"url\":\"https:\/\/ciba-usa.com\/deposits\/\",\"name\":\"Deposits - Ciba USA\",\"isPartOf\":{\"@id\":\"https:\/\/ciba-usa.com\/es\/#website\"},\"datePublished\":\"2024-06-11T19:13:08+00:00\",\"dateModified\":\"2024-06-11T19:13:44+00:00\",\"breadcrumb\":{\"@id\":\"https:\/\/ciba-usa.com\/deposits\/#breadcrumb\"},\"inLanguage\":\"es\",\"potentialAction\":[{\"@type\":\"ReadAction\",\"target\":[\"https:\/\/ciba-usa.com\/deposits\/\"]}]},{\"@type\":\"BreadcrumbList\",\"@id\":\"https:\/\/ciba-usa.com\/deposits\/#breadcrumb\",\"itemListElement\":[{\"@type\":\"ListItem\",\"position\":1,\"name\":\"Home\",\"item\":\"https:\/\/ciba-usa.com\/\"},{\"@type\":\"ListItem\",\"position\":2,\"name\":\"Deposits\"}]},{\"@type\":\"WebSite\",\"@id\":\"https:\/\/ciba-usa.com\/es\/#website\",\"url\":\"https:\/\/ciba-usa.com\/es\/\",\"name\":\"Ciba USA\",\"description\":\"\",\"publisher\":{\"@id\":\"https:\/\/ciba-usa.com\/es\/#organization\"},\"potentialAction\":[{\"@type\":\"SearchAction\",\"target\":{\"@type\":\"EntryPoint\",\"urlTemplate\":\"https:\/\/ciba-usa.com\/es\/?s={search_term_string}\"},\"query-input\":{\"@type\":\"PropertyValueSpecification\",\"valueRequired\":true,\"valueName\":\"search_term_string\"}}],\"inLanguage\":\"es\"},{\"@type\":\"Organization\",\"@id\":\"https:\/\/ciba-usa.com\/es\/#organization\",\"name\":\"Ciba USA\",\"url\":\"https:\/\/ciba-usa.com\/es\/\",\"logo\":{\"@type\":\"ImageObject\",\"inLanguage\":\"es\",\"@id\":\"https:\/\/ciba-usa.com\/es\/#\/schema\/logo\/image\/\",\"url\":\"https:\/\/ciba-usa.com\/wp-content\/uploads\/2024\/05\/cibausa-logo-azul.png\",\"contentUrl\":\"https:\/\/ciba-usa.com\/wp-content\/uploads\/2024\/05\/cibausa-logo-azul.png\",\"width\":81,\"height\":82,\"caption\":\"Ciba USA\"},\"image\":{\"@id\":\"https:\/\/ciba-usa.com\/es\/#\/schema\/logo\/image\/\"}}]}<\/script>\n<!-- \/ Yoast SEO plugin. -->","yoast_head_json":{"title":"Deposits - Ciba USA","robots":{"index":"index","follow":"follow","max-snippet":"max-snippet:-1","max-image-preview":"max-image-preview:large","max-video-preview":"max-video-preview:-1"},"canonical":"https:\/\/ciba-usa.com\/es\/deposits\/","og_locale":"es_MX","og_type":"article","og_title":"Deposits - Ciba USA","og_url":"https:\/\/ciba-usa.com\/es\/deposits\/","og_site_name":"Ciba USA","article_modified_time":"2024-06-11T19:13:44+00:00","twitter_card":"summary_large_image","schema":{"@context":"https:\/\/schema.org","@graph":[{"@type":"WebPage","@id":"https:\/\/ciba-usa.com\/deposits\/","url":"https:\/\/ciba-usa.com\/deposits\/","name":"Deposits - Ciba USA","isPartOf":{"@id":"https:\/\/ciba-usa.com\/es\/#website"},"datePublished":"2024-06-11T19:13:08+00:00","dateModified":"2024-06-11T19:13:44+00:00","breadcrumb":{"@id":"https:\/\/ciba-usa.com\/deposits\/#breadcrumb"},"inLanguage":"es","potentialAction":[{"@type":"ReadAction","target":["https:\/\/ciba-usa.com\/deposits\/"]}]},{"@type":"BreadcrumbList","@id":"https:\/\/ciba-usa.com\/deposits\/#breadcrumb","itemListElement":[{"@type":"ListItem","position":1,"name":"Home","item":"https:\/\/ciba-usa.com\/"},{"@type":"ListItem","position":2,"name":"Deposits"}]},{"@type":"WebSite","@id":"https:\/\/ciba-usa.com\/es\/#website","url":"https:\/\/ciba-usa.com\/es\/","name":"Ciba USA","description":"","publisher":{"@id":"https:\/\/ciba-usa.com\/es\/#organization"},"potentialAction":[{"@type":"SearchAction","target":{"@type":"EntryPoint","urlTemplate":"https:\/\/ciba-usa.com\/es\/?s={search_term_string}"},"query-input":{"@type":"PropertyValueSpecification","valueRequired":true,"valueName":"search_term_string"}}],"inLanguage":"es"},{"@type":"Organization","@id":"https:\/\/ciba-usa.com\/es\/#organization","name":"Ciba USA","url":"https:\/\/ciba-usa.com\/es\/","logo":{"@type":"ImageObject","inLanguage":"es","@id":"https:\/\/ciba-usa.com\/es\/#\/schema\/logo\/image\/","url":"https:\/\/ciba-usa.com\/wp-content\/uploads\/2024\/05\/cibausa-logo-azul.png","contentUrl":"https:\/\/ciba-usa.com\/wp-content\/uploads\/2024\/05\/cibausa-logo-azul.png","width":81,"height":82,"caption":"Ciba USA"},"image":{"@id":"https:\/\/ciba-usa.com\/es\/#\/schema\/logo\/image\/"}}]}},"_links":{"self":[{"href":"https:\/\/ciba-usa.com\/es\/wp-json\/wp\/v2\/pages\/2088","targetHints":{"allow":["GET"]}}],"collection":[{"href":"https:\/\/ciba-usa.com\/es\/wp-json\/wp\/v2\/pages"}],"about":[{"href":"https:\/\/ciba-usa.com\/es\/wp-json\/wp\/v2\/types\/page"}],"author":[{"embeddable":true,"href":"https:\/\/ciba-usa.com\/es\/wp-json\/wp\/v2\/users\/1"}],"replies":[{"embeddable":true,"href":"https:\/\/ciba-usa.com\/es\/wp-json\/wp\/v2\/comments?post=2088"}],"version-history":[{"count":0,"href":"https:\/\/ciba-usa.com\/es\/wp-json\/wp\/v2\/pages\/2088\/revisions"}],"wp:attachment":[{"href":"https:\/\/ciba-usa.com\/es\/wp-json\/wp\/v2\/media?parent=2088"}],"curies":[{"name":"wp","href":"https:\/\/api.w.org\/{rel}","templated":true}]}}