{"id":2103,"date":"2024-06-11T19:27:09","date_gmt":"2024-06-11T19:27:09","guid":{"rendered":"https:\/\/ciba-usa.com\/?page_id=2103"},"modified":"2024-06-11T19:29:28","modified_gmt":"2024-06-11T19:29:28","slug":"privacy-policy","status":"publish","type":"page","link":"https:\/\/ciba-usa.com\/es\/privacy-policy\/","title":{"rendered":"Pol\u00edtica de Privacidad"},"content":{"rendered":"<div data-elementor-type=\"wp-page\" data-elementor-id=\"2103\" class=\"elementor elementor-2103\" data-elementor-post-type=\"page\">\n\t\t\t\t<div class=\"elementor-element elementor-element-380c002 e-con-full e-flex wpr-particle-no wpr-jarallax-no wpr-parallax-no wpr-sticky-section-no e-con e-parent\" data-id=\"380c002\" data-element_type=\"container\">\n\t\t\t\t<div class=\"elementor-element elementor-element-7d94d16 elementor-widget elementor-widget-template\" data-id=\"7d94d16\" data-element_type=\"widget\" data-widget_type=\"template.default\">\n\t\t\t\t<div class=\"elementor-widget-container\">\n\t\t\t\t\t\t\t<div class=\"elementor-template\">\n\t\t\t\t\t<div data-elementor-type=\"page\" data-elementor-id=\"2108\" class=\"elementor elementor-2108\" data-elementor-post-type=\"elementor_library\">\n\t\t\t\t\t\t<section class=\"elementor-section elementor-top-section elementor-element elementor-element-3f427023 elementor-section-boxed elementor-section-height-default elementor-section-height-default wpr-particle-no wpr-jarallax-no wpr-parallax-no wpr-sticky-section-no\" data-id=\"3f427023\" data-element_type=\"section\">\n\t\t\t\t\t\t<div class=\"elementor-container elementor-column-gap-default\">\n\t\t\t\t\t<div class=\"elementor-column elementor-col-100 elementor-top-column elementor-element elementor-element-40c980ef\" data-id=\"40c980ef\" data-element_type=\"column\">\n\t\t\t<div class=\"elementor-widget-wrap elementor-element-populated\">\n\t\t\t\t\t\t<div class=\"elementor-element elementor-element-10c10f4e elementor-widget elementor-widget-text-editor\" data-id=\"10c10f4e\" data-element_type=\"widget\" data-widget_type=\"text-editor.default\">\n\t\t\t\t<div class=\"elementor-widget-container\">\n\t\t\t\t\t\t\t\t\t<section class=\"policy\"><div class=\"container\"><h1>Aviso de pr\u00e1cticas de privacidad<\/h1><p><strong>Ciba USA(\u201cCU\u201d)<\/strong> respeta la privacidad del paciente y se compromete a ganarse su confianza. Esta declaraci\u00f3n de privacidad se proporciona para informarle sobre la informaci\u00f3n que recopilamos de usted cuando visita nuestro sitio y c\u00f3mo utilizamos esta informaci\u00f3n. Tambi\u00e9n es para informarle sobre las opciones que tiene con respecto a nuestro uso y su capacidad para revisar y corregir esta informaci\u00f3n.<\/p><p>Este sitio web (\"<strong><a href=\"https:\/\/www.ciba-old.webgiantstudios.us\/\">ciba-usa.com<\/a><\/strong>\u201d) recopila \u00fanicamente la informaci\u00f3n personal que usted elige proporcionar, y CU utiliza la informaci\u00f3n \u00fanicamente para sus fines comerciales leg\u00edtimos. CU no vender\u00e1, compartir\u00e1 ni distribuir\u00e1 de otro modo su informaci\u00f3n de identificaci\u00f3n personal a terceros para sus fines (\u201cinformaci\u00f3n de identificaci\u00f3n personal\u201d significa cualquier informaci\u00f3n mediante la cual se le pueda identificar, como su nombre, direcci\u00f3n, n\u00famero de tel\u00e9fono y correo electr\u00f3nico). DIRECCI\u00d3N.)<\/p><p>En general, puede visitar muchas de nuestras p\u00e1ginas web sin decirnos qui\u00e9n es ni revelar ninguna informaci\u00f3n de identificaci\u00f3n personal. Podemos rastrear la direcci\u00f3n de dominio de Internet desde la cual las personas nos visitan y analizar estos datos en busca de tendencias y estad\u00edsticas, pero los usuarios individuales permanecer\u00e1n en el anonimato, a menos que usted nos diga voluntariamente qui\u00e9n es.<\/p><p>Si decide proporcionarnos informaci\u00f3n sobre usted, como su nombre, direcci\u00f3n, n\u00famero de tel\u00e9fono o direcci\u00f3n de correo electr\u00f3nico, respetaremos la confianza que ha depositado en nosotros. Utilizaremos la informaci\u00f3n de identificaci\u00f3n personal para responderle sobre el motivo por el que se comunic\u00f3 con nosotros. Proporcionar o no dicha informaci\u00f3n es completamente su propia elecci\u00f3n; CU recopila \u00fanicamente la informaci\u00f3n personal que usted nos proporciona. Sin embargo, si decide no proporcionar la informaci\u00f3n que solicitamos, es posible que no pueda acceder a ciertos servicios, ofertas y contenidos de nuestro sitio web.<\/p><p>El sitio web de CU puede permitirle acceder a otros sitios. Los sitios enlazados no est\u00e1n bajo el control de CU. CU no asume ninguna responsabilidad por las acciones, productos, servicios y contenidos de los sitios enlazados. Los visitantes deben consultar los avisos de privacidad de otros sitios, ya que no tenemos control sobre la informaci\u00f3n que estos terceros env\u00edan o recopilan.<\/p><h3>Uso de informaci\u00f3n por parte de terceros<\/h3><p>CU no vender\u00e1, compartir\u00e1 ni distribuir\u00e1 de otro modo su informaci\u00f3n de identificaci\u00f3n personal a terceros, excepto seg\u00fan lo dispuesto en este documento y de conformidad con las leyes y regulaciones aplicables.<\/p><p>CU no comparte su informaci\u00f3n personal con terceros para sus fines de marketing. Ocasionalmente, la informaci\u00f3n de identificaci\u00f3n personal puede transferirse a terceros proveedores de servicios que act\u00faan para o en nombre de CU, o en relaci\u00f3n con el negocio de CU, para su posterior procesamiento de acuerdo con los fines para los cuales se recopilaron originalmente los datos. Exigimos que dichos terceros protejan la informaci\u00f3n y, en su caso, les exigiremos contractualmente que procesen los datos transferidos \u00fanicamente para los fines expresamente autorizados por CU. Este sitio web no permite el seguimiento del comportamiento de terceros.<\/p><h3>Cookies<\/h3><p>Para permitir que CU proporcione servicios personalizados y personalizados, podemos utilizar cookies para almacenar y, a veces, rastrear informaci\u00f3n sobre usted. Una cookie es una peque\u00f1a cantidad de datos que se env\u00eda a su navegador desde un servidor web y se almacena en su computadora. Las cookies, por s\u00ed mismas, no nos brindan ninguna informaci\u00f3n de identificaci\u00f3n personal sobre usted. Sin embargo, si elige proporcionar a este sitio web informaci\u00f3n de identificaci\u00f3n personal, esa informaci\u00f3n podr\u00eda vincularse a los datos almacenados en la cookie. CU se reserva el derecho de cambiar nuestro uso de cookies y nuestras pr\u00e1cticas con respecto al enlace a informaci\u00f3n de identificaci\u00f3n personal sin notificaci\u00f3n previa.<\/p><p>Tambi\u00e9n utilizamos anuncios de terceros en cibausa.org para respaldar nuestro sitio. Algunos de estos anunciantes pueden utilizar tecnolog\u00eda como cookies y balizas web cuando se anuncian en nuestro sitio, lo que tambi\u00e9n enviar\u00e1 a estos anunciantes (como Google a trav\u00e9s del programa Google AdSense) informaci\u00f3n que incluye su direcci\u00f3n IP, su ISP, el navegador que utiliz\u00f3 para visite nuestro sitio y, en algunos casos, si tiene Flash instalado. Esto generalmente se usa con fines de orientaci\u00f3n geogr\u00e1fica (mostrar anuncios de bienes ra\u00edces de Nueva York a alguien en Nueva York, por ejemplo) o mostrar ciertos anuncios basados \u200b\u200ben sitios espec\u00edficos visitados (como mostrar anuncios de cocina a alguien que frecuenta sitios de cocina).<\/p><h3>Seguridad de la informaci\u00f3n y notificaci\u00f3n de violaci\u00f3n de datos<\/h3><p>Tomamos precauciones razonables para garantizar que cualquier informaci\u00f3n de identificaci\u00f3n personal que usted proporcione en este sitio web se mantenga confidencial y se almacene en un entorno seguro, y que solo el personal con fines comerciales leg\u00edtimos tenga acceso a esta informaci\u00f3n. Implementamos y mantenemos procedimientos f\u00edsicos, t\u00e9cnicos y administrativos razonables para proteger su informaci\u00f3n de identificaci\u00f3n personal contra la recopilaci\u00f3n, el uso, la divulgaci\u00f3n y la eliminaci\u00f3n no autorizados y solicitamos a nuestros terceros proveedores de servicios que hagan lo mismo. Aun as\u00ed, no podemos garantizar que los datos que nos proporcionen no estar\u00e1n sujetos a p\u00e9rdida, alteraci\u00f3n, mal uso, acceso no autorizado, divulgaci\u00f3n o destrucci\u00f3n. Es importante tener en cuenta que todas las transmisiones por Internet est\u00e1n sujetas a fallos y errores de seguridad. Debe tomar precauciones al elegir la informaci\u00f3n que env\u00eda a CU. A pesar de nuestros mejores esfuerzos, ninguna medida de seguridad es impenetrable y las transmisiones a trav\u00e9s de Internet no son 100% seguras ni est\u00e1n libres de errores. Si hay una violaci\u00f3n de datos, nos comunicaremos con usted dentro de un (1) d\u00eda por correo electr\u00f3nico una vez que se descubra la violaci\u00f3n de datos.<\/p><h3>Ley de protecci\u00f3n de la privacidad en l\u00ednea de los ni\u00f1os de California<\/h3><p>We do not specifically market to children under the age of 13. Should we discover that a child under the age of 13 submitted personal identifiable information to our website without first obtaining verifiable parental consent, we will immediately reject any such entry and delete that information from our database (to the extent technically feasible), unless such information meets an exception under the Children\u2019s Online Privacy Protection Act (\u201cCOPPA\u201d).<\/p><h3>Cambios en la pol\u00edtica de privacidad<\/h3><p>Cuando cambiemos esta Pol\u00edtica de Privacidad, publicaremos la Fecha de Entrada en Vigor y se le notificar\u00e1 de cualquier cambio al consultar esta p\u00e1gina de Pol\u00edtica de Privacidad.<\/p><\/div><\/section>\t\t\t\t\t\t\t\t<\/div>\n\t\t\t\t<\/div>\n\t\t\t\t\t<\/div>\n\t\t<\/div>\n\t\t\t\t\t<\/div>\n\t\t<\/section>\n\t\t\t\t<\/div>\n\t\t\t\t<\/div>\n\t\t\t\t\t\t<\/div>\n\t\t\t\t<\/div>\n\t\t\t\t<\/div>\n\t\t\t\t<\/div>","protected":false},"excerpt":{"rendered":"","protected":false},"author":1,"featured_media":0,"parent":0,"menu_order":0,"comment_status":"closed","ping_status":"closed","template":"elementor_header_footer","meta":{"_joinchat":[],"footnotes":""},"class_list":["post-2103","page","type-page","status-publish","hentry","entry","owp-thumbs-layout-horizontal","owp-btn-normal","owp-tabs-layout-horizontal","has-no-thumbnails","has-product-nav"],"yoast_head":"<!-- This site is optimized with the Yoast SEO plugin v25.4 - https:\/\/yoast.com\/wordpress\/plugins\/seo\/ -->\n<title>Privacy Policy - Ciba USA<\/title>\n<meta name=\"robots\" content=\"index, follow, max-snippet:-1, max-image-preview:large, max-video-preview:-1\" \/>\n<link rel=\"canonical\" href=\"https:\/\/ciba-usa.com\/es\/privacy-policy\/\" \/>\n<meta property=\"og:locale\" content=\"es_MX\" \/>\n<meta property=\"og:type\" content=\"article\" \/>\n<meta property=\"og:title\" content=\"Privacy Policy - Ciba USA\" \/>\n<meta property=\"og:url\" content=\"https:\/\/ciba-usa.com\/es\/privacy-policy\/\" \/>\n<meta property=\"og:site_name\" content=\"Ciba USA\" \/>\n<meta property=\"article:modified_time\" content=\"2024-06-11T19:29:28+00:00\" \/>\n<meta name=\"twitter:card\" content=\"summary_large_image\" \/>\n<script type=\"application\/ld+json\" class=\"yoast-schema-graph\">{\"@context\":\"https:\/\/schema.org\",\"@graph\":[{\"@type\":\"WebPage\",\"@id\":\"https:\/\/ciba-usa.com\/privacy-policy\/\",\"url\":\"https:\/\/ciba-usa.com\/privacy-policy\/\",\"name\":\"Privacy Policy - Ciba USA\",\"isPartOf\":{\"@id\":\"https:\/\/ciba-usa.com\/es\/#website\"},\"datePublished\":\"2024-06-11T19:27:09+00:00\",\"dateModified\":\"2024-06-11T19:29:28+00:00\",\"breadcrumb\":{\"@id\":\"https:\/\/ciba-usa.com\/privacy-policy\/#breadcrumb\"},\"inLanguage\":\"es\",\"potentialAction\":[{\"@type\":\"ReadAction\",\"target\":[\"https:\/\/ciba-usa.com\/privacy-policy\/\"]}]},{\"@type\":\"BreadcrumbList\",\"@id\":\"https:\/\/ciba-usa.com\/privacy-policy\/#breadcrumb\",\"itemListElement\":[{\"@type\":\"ListItem\",\"position\":1,\"name\":\"Home\",\"item\":\"https:\/\/ciba-usa.com\/\"},{\"@type\":\"ListItem\",\"position\":2,\"name\":\"Privacy Policy\"}]},{\"@type\":\"WebSite\",\"@id\":\"https:\/\/ciba-usa.com\/es\/#website\",\"url\":\"https:\/\/ciba-usa.com\/es\/\",\"name\":\"Ciba USA\",\"description\":\"\",\"publisher\":{\"@id\":\"https:\/\/ciba-usa.com\/es\/#organization\"},\"potentialAction\":[{\"@type\":\"SearchAction\",\"target\":{\"@type\":\"EntryPoint\",\"urlTemplate\":\"https:\/\/ciba-usa.com\/es\/?s={search_term_string}\"},\"query-input\":{\"@type\":\"PropertyValueSpecification\",\"valueRequired\":true,\"valueName\":\"search_term_string\"}}],\"inLanguage\":\"es\"},{\"@type\":\"Organization\",\"@id\":\"https:\/\/ciba-usa.com\/es\/#organization\",\"name\":\"Ciba USA\",\"url\":\"https:\/\/ciba-usa.com\/es\/\",\"logo\":{\"@type\":\"ImageObject\",\"inLanguage\":\"es\",\"@id\":\"https:\/\/ciba-usa.com\/es\/#\/schema\/logo\/image\/\",\"url\":\"https:\/\/ciba-usa.com\/wp-content\/uploads\/2024\/05\/cibausa-logo-azul.png\",\"contentUrl\":\"https:\/\/ciba-usa.com\/wp-content\/uploads\/2024\/05\/cibausa-logo-azul.png\",\"width\":81,\"height\":82,\"caption\":\"Ciba USA\"},\"image\":{\"@id\":\"https:\/\/ciba-usa.com\/es\/#\/schema\/logo\/image\/\"}}]}<\/script>\n<!-- \/ Yoast SEO plugin. -->","yoast_head_json":{"title":"Privacy Policy - Ciba USA","robots":{"index":"index","follow":"follow","max-snippet":"max-snippet:-1","max-image-preview":"max-image-preview:large","max-video-preview":"max-video-preview:-1"},"canonical":"https:\/\/ciba-usa.com\/es\/privacy-policy\/","og_locale":"es_MX","og_type":"article","og_title":"Privacy Policy - Ciba USA","og_url":"https:\/\/ciba-usa.com\/es\/privacy-policy\/","og_site_name":"Ciba USA","article_modified_time":"2024-06-11T19:29:28+00:00","twitter_card":"summary_large_image","schema":{"@context":"https:\/\/schema.org","@graph":[{"@type":"WebPage","@id":"https:\/\/ciba-usa.com\/privacy-policy\/","url":"https:\/\/ciba-usa.com\/privacy-policy\/","name":"Privacy Policy - Ciba USA","isPartOf":{"@id":"https:\/\/ciba-usa.com\/es\/#website"},"datePublished":"2024-06-11T19:27:09+00:00","dateModified":"2024-06-11T19:29:28+00:00","breadcrumb":{"@id":"https:\/\/ciba-usa.com\/privacy-policy\/#breadcrumb"},"inLanguage":"es","potentialAction":[{"@type":"ReadAction","target":["https:\/\/ciba-usa.com\/privacy-policy\/"]}]},{"@type":"BreadcrumbList","@id":"https:\/\/ciba-usa.com\/privacy-policy\/#breadcrumb","itemListElement":[{"@type":"ListItem","position":1,"name":"Home","item":"https:\/\/ciba-usa.com\/"},{"@type":"ListItem","position":2,"name":"Privacy Policy"}]},{"@type":"WebSite","@id":"https:\/\/ciba-usa.com\/es\/#website","url":"https:\/\/ciba-usa.com\/es\/","name":"Ciba USA","description":"","publisher":{"@id":"https:\/\/ciba-usa.com\/es\/#organization"},"potentialAction":[{"@type":"SearchAction","target":{"@type":"EntryPoint","urlTemplate":"https:\/\/ciba-usa.com\/es\/?s={search_term_string}"},"query-input":{"@type":"PropertyValueSpecification","valueRequired":true,"valueName":"search_term_string"}}],"inLanguage":"es"},{"@type":"Organization","@id":"https:\/\/ciba-usa.com\/es\/#organization","name":"Ciba USA","url":"https:\/\/ciba-usa.com\/es\/","logo":{"@type":"ImageObject","inLanguage":"es","@id":"https:\/\/ciba-usa.com\/es\/#\/schema\/logo\/image\/","url":"https:\/\/ciba-usa.com\/wp-content\/uploads\/2024\/05\/cibausa-logo-azul.png","contentUrl":"https:\/\/ciba-usa.com\/wp-content\/uploads\/2024\/05\/cibausa-logo-azul.png","width":81,"height":82,"caption":"Ciba USA"},"image":{"@id":"https:\/\/ciba-usa.com\/es\/#\/schema\/logo\/image\/"}}]}},"_links":{"self":[{"href":"https:\/\/ciba-usa.com\/es\/wp-json\/wp\/v2\/pages\/2103","targetHints":{"allow":["GET"]}}],"collection":[{"href":"https:\/\/ciba-usa.com\/es\/wp-json\/wp\/v2\/pages"}],"about":[{"href":"https:\/\/ciba-usa.com\/es\/wp-json\/wp\/v2\/types\/page"}],"author":[{"embeddable":true,"href":"https:\/\/ciba-usa.com\/es\/wp-json\/wp\/v2\/users\/1"}],"replies":[{"embeddable":true,"href":"https:\/\/ciba-usa.com\/es\/wp-json\/wp\/v2\/comments?post=2103"}],"version-history":[{"count":0,"href":"https:\/\/ciba-usa.com\/es\/wp-json\/wp\/v2\/pages\/2103\/revisions"}],"wp:attachment":[{"href":"https:\/\/ciba-usa.com\/es\/wp-json\/wp\/v2\/media?parent=2103"}],"curies":[{"name":"wp","href":"https:\/\/api.w.org\/{rel}","templated":true}]}}