{"id":2527,"date":"2024-06-18T17:40:18","date_gmt":"2024-06-18T17:40:18","guid":{"rendered":"https:\/\/ciba-usa.com\/?page_id=2527"},"modified":"2024-06-18T17:47:02","modified_gmt":"2024-06-18T17:47:02","slug":"travel-instructions","status":"publish","type":"page","link":"https:\/\/ciba-usa.com\/es\/medical-travel\/travel-instructions\/","title":{"rendered":"Instrucciones de Viaje"},"content":{"rendered":"<div data-elementor-type=\"wp-page\" data-elementor-id=\"2527\" class=\"elementor elementor-2527\" data-elementor-post-type=\"page\">\n\t\t\t\t<div class=\"elementor-element elementor-element-8e2eb95 e-flex e-con-boxed wpr-particle-no wpr-jarallax-no wpr-parallax-no wpr-sticky-section-no e-con e-parent\" data-id=\"8e2eb95\" data-element_type=\"container\">\n\t\t\t\t\t<div class=\"e-con-inner\">\n\t\t<div class=\"elementor-element elementor-element-fc15945 e-con-full e-flex wpr-particle-no wpr-jarallax-no wpr-parallax-no wpr-sticky-section-no e-con e-child\" data-id=\"fc15945\" data-element_type=\"container\">\n\t\t\t\t<div class=\"elementor-element elementor-element-df39c54 elementor-widget elementor-widget-heading\" data-id=\"df39c54\" data-element_type=\"widget\" data-widget_type=\"heading.default\">\n\t\t\t\t<div class=\"elementor-widget-container\">\n\t\t\t\t\t<h2 class=\"elementor-heading-title elementor-size-default\">INSTRUCCIONES DE VIAJE<\/h2>\t\t\t\t<\/div>\n\t\t\t\t<\/div>\n\t\t\t\t<div class=\"elementor-element elementor-element-95f96d6 elementor-widget__width-initial elementor-widget-mobile__width-initial elementor-widget elementor-widget-text-editor\" data-id=\"95f96d6\" data-element_type=\"widget\" data-widget_type=\"text-editor.default\">\n\t\t\t\t<div class=\"elementor-widget-container\">\n\t\t\t\t\t\t\t\t\t<p>Aqu\u00ed comienza el camino hacia la salud y una nueva sensaci\u00f3n de vitalidad. En Ciba USA, nos aseguramos de que nuestros pacientes reciban apoyo en cada parte de su proceso de p\u00e9rdida de peso. Siga estas instrucciones para comenzar.<\/p><p>\u00a0<\/p>\t\t\t\t\t\t\t\t<\/div>\n\t\t\t\t<\/div>\n\t\t\t\t<div class=\"elementor-element elementor-element-6a17f53 elementor-align-left elementor-widget elementor-widget-button\" data-id=\"6a17f53\" data-element_type=\"widget\" data-widget_type=\"button.default\">\n\t\t\t\t<div class=\"elementor-widget-container\">\n\t\t\t\t\t\t\t\t\t<div class=\"elementor-button-wrapper\">\n\t\t\t\t\t<a class=\"elementor-button elementor-button-link elementor-size-sm\" href=\"https:\/\/ciba-usa.com\/es\/contact\/\">\n\t\t\t\t\t\t<span class=\"elementor-button-content-wrapper\">\n\t\t\t\t\t\t<span class=\"elementor-button-icon\">\n\t\t\t\t<svg aria-hidden=\"true\" class=\"e-font-icon-svg e-fas-arrow-right\" viewbox=\"0 0 448 512\" xmlns=\"http:\/\/www.w3.org\/2000\/svg\"><path d=\"M190.5 66.9l22.2-22.2c9.4-9.4 24.6-9.4 33.9 0L441 239c9.4 9.4 9.4 24.6 0 33.9L246.6 467.3c-9.4 9.4-24.6 9.4-33.9 0l-22.2-22.2c-9.5-9.5-9.3-25 .4-34.3L311.4 296H24c-13.3 0-24-10.7-24-24v-32c0-13.3 10.7-24 24-24h287.4L190.9 101.2c-9.8-9.3-10-24.8-.4-34.3z\"><\/path><\/svg>\t\t\t<\/span>\n\t\t\t\t\t\t\t\t\t<span class=\"elementor-button-text\">Contacto<\/span>\n\t\t\t\t\t<\/span>\n\t\t\t\t\t<\/a>\n\t\t\t\t<\/div>\n\t\t\t\t\t\t\t\t<\/div>\n\t\t\t\t<\/div>\n\t\t\t\t<\/div>\n\t\t<div class=\"elementor-element elementor-element-40a21e6 e-flex e-con-boxed wpr-particle-no wpr-jarallax-no wpr-parallax-no wpr-sticky-section-no e-con e-child\" data-id=\"40a21e6\" data-element_type=\"container\">\n\t\t\t\t\t<div class=\"e-con-inner\">\n\t\t\t\t<div class=\"elementor-element elementor-element-37f83ff elementor-widget elementor-widget-image\" data-id=\"37f83ff\" data-element_type=\"widget\" data-widget_type=\"image.default\">\n\t\t\t\t<div class=\"elementor-widget-container\">\n\t\t\t\t\t\t\t\t\t\t\t\t\t\t\t<img fetchpriority=\"high\" decoding=\"async\" width=\"970\" height=\"525\" src=\"https:\/\/ciba-usa.com\/wp-content\/uploads\/2024\/06\/image-87.png\" class=\"attachment-large size-large wp-image-1955\" alt=\"\" srcset=\"https:\/\/ciba-usa.com\/wp-content\/uploads\/2024\/06\/image-87.png 970w, https:\/\/ciba-usa.com\/wp-content\/uploads\/2024\/06\/image-87-600x325.png 600w\" sizes=\"(max-width: 970px) 100vw, 970px\" \/>\t\t\t\t\t\t\t\t\t\t\t\t\t\t\t<\/div>\n\t\t\t\t<\/div>\n\t\t\t\t\t<\/div>\n\t\t\t\t<\/div>\n\t\t\t\t\t<\/div>\n\t\t\t\t<\/div>\n\t\t<div class=\"elementor-element elementor-element-417822a e-flex e-con-boxed wpr-particle-no wpr-jarallax-no wpr-parallax-no wpr-sticky-section-no e-con e-parent\" data-id=\"417822a\" data-element_type=\"container\">\n\t\t\t\t\t<div class=\"e-con-inner\">\n\t\t\t\t<div class=\"elementor-element elementor-element-ebb9d3c elementor-widget elementor-widget-spacer\" data-id=\"ebb9d3c\" data-element_type=\"widget\" data-widget_type=\"spacer.default\">\n\t\t\t\t<div class=\"elementor-widget-container\">\n\t\t\t\t\t\t\t<div class=\"elementor-spacer\">\n\t\t\t<div class=\"elementor-spacer-inner\"><\/div>\n\t\t<\/div>\n\t\t\t\t\t\t<\/div>\n\t\t\t\t<\/div>\n\t\t\t\t\t<\/div>\n\t\t\t\t<\/div>\n\t\t<div class=\"elementor-element elementor-element-de788dc e-flex e-con-boxed wpr-particle-no wpr-jarallax-no wpr-parallax-no wpr-sticky-section-no e-con e-parent\" data-id=\"de788dc\" data-element_type=\"container\">\n\t\t\t\t\t<div class=\"e-con-inner\">\n\t\t\t\t<div class=\"elementor-element elementor-element-4f06524 elementor-widget__width-inherit elementor-widget elementor-widget-heading\" data-id=\"4f06524\" data-element_type=\"widget\" data-widget_type=\"heading.default\">\n\t\t\t\t<div class=\"elementor-widget-container\">\n\t\t\t\t\t<h2 class=\"elementor-heading-title elementor-size-default\">AL LLEGAR A TIJUANA M\u00c9XICO, SE APLICAN LAS SIGUIENTES INSTRUCCIONES:<\/h2>\t\t\t\t<\/div>\n\t\t\t\t<\/div>\n\t\t\t\t<div class=\"elementor-element elementor-element-cf719bd elementor-widget__width-initial elementor-widget elementor-widget-text-editor\" data-id=\"cf719bd\" data-element_type=\"widget\" data-widget_type=\"text-editor.default\">\n\t\t\t\t<div class=\"elementor-widget-container\">\n\t\t\t\t\t\t\t\t\t<p>Transporte terrestre desde San Diego si llega al Aeropuerto Internacional Lindbergh Field: La compra de viaje a\u00e9reo a San Diego no est\u00e1 incluida. Consulte con un coordinador sobre la cantidad exacta de noches antes y despu\u00e9s del procedimiento operativo que planea pasar en San Diego.<\/p><p>Para la Manga G\u00e1strica y Bypass G\u00e1strico (RNY o Mini) los pacientes permanecen en Tijuana, M\u00e9xico aproximadamente 5 d\u00edas.<\/p><p>Nuestros paquetes de cirug\u00eda de Ciba no incluyen alojamiento en hotel en San Diego.<\/p><p>Todas las pruebas de cirug\u00eda preoperatoria se realizar\u00e1n en nuestro hospital Ciba en Tijuana, M\u00e9xico.<\/p>\t\t\t\t\t\t\t\t<\/div>\n\t\t\t\t<\/div>\n\t\t\t\t<div class=\"elementor-element elementor-element-02eb1fe elementor-widget elementor-widget-spacer\" data-id=\"02eb1fe\" data-element_type=\"widget\" data-widget_type=\"spacer.default\">\n\t\t\t\t<div class=\"elementor-widget-container\">\n\t\t\t\t\t\t\t<div class=\"elementor-spacer\">\n\t\t\t<div class=\"elementor-spacer-inner\"><\/div>\n\t\t<\/div>\n\t\t\t\t\t\t<\/div>\n\t\t\t\t<\/div>\n\t\t\t\t\t<\/div>\n\t\t\t\t<\/div>\n\t\t\t\t<\/div>","protected":false},"excerpt":{"rendered":"<p>TRAVEL INSTRUCTIONS The Road to health and a new sense of vitality starts here. At Ciba USA, we ensure that our patients are supported in every part of their weight loss journey. Follow these instructions to begin. \u00a0 Contact us UPON ARRIVAL TO TIJUANA MEXICO, THE FOLLOWING INSTRUCTIONS APPLY: Ground Transportation from San Diego if arriving at Lindbergh Field International Airport: The purchase of air travel is not included to San Diego. Please consult with a coordinator regarding the exact number of nights pre and post operative procedure that you plan to spend in San Diego. For the Gastric Sleeve and Gastric Bypass (RNY or Mini) patients stay in Tijuana, Mexico approximately 5 days. Our Ciba surgery packages do not include hotel lodging in San Diego. All Pre-op surgery tests will be done at our Ciba hospital in Tijuana, Mexico.<\/p>","protected":false},"author":1,"featured_media":0,"parent":13,"menu_order":0,"comment_status":"closed","ping_status":"closed","template":"elementor_header_footer","meta":{"_joinchat":[],"footnotes":""},"class_list":["post-2527","page","type-page","status-publish","hentry","entry","owp-thumbs-layout-horizontal","owp-btn-normal","owp-tabs-layout-horizontal","has-no-thumbnails","has-product-nav"],"yoast_head":"<!-- This site is optimized with the Yoast SEO plugin v25.4 - https:\/\/yoast.com\/wordpress\/plugins\/seo\/ -->\n<title>Travel Instructions - Ciba USA<\/title>\n<meta name=\"robots\" content=\"index, follow, max-snippet:-1, max-image-preview:large, max-video-preview:-1\" \/>\n<link rel=\"canonical\" href=\"https:\/\/ciba-usa.com\/es\/medical-travel\/travel-instructions\/\" \/>\n<meta property=\"og:locale\" content=\"es_MX\" \/>\n<meta property=\"og:type\" content=\"article\" \/>\n<meta property=\"og:title\" content=\"Travel Instructions - Ciba USA\" \/>\n<meta property=\"og:description\" content=\"TRAVEL INSTRUCTIONS The Road to health and a new sense of vitality starts here. At Ciba USA, we ensure that our patients are supported in every part of their weight loss journey. Follow these instructions to begin. \u00a0 Contact us UPON ARRIVAL TO TIJUANA MEXICO, THE FOLLOWING INSTRUCTIONS APPLY: Ground Transportation from San Diego if arriving at Lindbergh Field International Airport: The purchase of air travel is not included to San Diego. Please consult with a coordinator regarding the exact number of nights pre and post operative procedure that you plan to spend in San Diego. For the Gastric Sleeve and Gastric Bypass (RNY or Mini) patients stay in Tijuana, Mexico approximately 5 days. Our Ciba surgery packages do not include hotel lodging in San Diego. All Pre-op surgery tests will be done at our Ciba hospital in Tijuana, Mexico.\" \/>\n<meta property=\"og:url\" content=\"https:\/\/ciba-usa.com\/es\/medical-travel\/travel-instructions\/\" \/>\n<meta property=\"og:site_name\" content=\"Ciba USA\" \/>\n<meta property=\"article:modified_time\" content=\"2024-06-18T17:47:02+00:00\" \/>\n<meta property=\"og:image\" content=\"https:\/\/ciba-usa.com\/wp-content\/uploads\/2024\/06\/image-87.png\" \/>\n<meta name=\"twitter:card\" content=\"summary_large_image\" \/>\n<meta name=\"twitter:label1\" content=\"Tiempo de lectura\" \/>\n\t<meta name=\"twitter:data1\" content=\"1 minuto\" \/>\n<script type=\"application\/ld+json\" class=\"yoast-schema-graph\">{\"@context\":\"https:\/\/schema.org\",\"@graph\":[{\"@type\":\"WebPage\",\"@id\":\"https:\/\/ciba-usa.com\/medical-travel\/travel-instructions\/\",\"url\":\"https:\/\/ciba-usa.com\/medical-travel\/travel-instructions\/\",\"name\":\"Travel Instructions - Ciba USA\",\"isPartOf\":{\"@id\":\"https:\/\/ciba-usa.com\/es\/#website\"},\"primaryImageOfPage\":{\"@id\":\"https:\/\/ciba-usa.com\/medical-travel\/travel-instructions\/#primaryimage\"},\"image\":{\"@id\":\"https:\/\/ciba-usa.com\/medical-travel\/travel-instructions\/#primaryimage\"},\"thumbnailUrl\":\"https:\/\/ciba-usa.com\/wp-content\/uploads\/2024\/06\/image-87.png\",\"datePublished\":\"2024-06-18T17:40:18+00:00\",\"dateModified\":\"2024-06-18T17:47:02+00:00\",\"breadcrumb\":{\"@id\":\"https:\/\/ciba-usa.com\/medical-travel\/travel-instructions\/#breadcrumb\"},\"inLanguage\":\"es\",\"potentialAction\":[{\"@type\":\"ReadAction\",\"target\":[\"https:\/\/ciba-usa.com\/medical-travel\/travel-instructions\/\"]}]},{\"@type\":\"ImageObject\",\"inLanguage\":\"es\",\"@id\":\"https:\/\/ciba-usa.com\/medical-travel\/travel-instructions\/#primaryimage\",\"url\":\"https:\/\/ciba-usa.com\/wp-content\/uploads\/2024\/06\/image-87.png\",\"contentUrl\":\"https:\/\/ciba-usa.com\/wp-content\/uploads\/2024\/06\/image-87.png\"},{\"@type\":\"BreadcrumbList\",\"@id\":\"https:\/\/ciba-usa.com\/medical-travel\/travel-instructions\/#breadcrumb\",\"itemListElement\":[{\"@type\":\"ListItem\",\"position\":1,\"name\":\"Home\",\"item\":\"https:\/\/ciba-usa.com\/\"},{\"@type\":\"ListItem\",\"position\":2,\"name\":\"Medical Travel\",\"item\":\"https:\/\/ciba-usa.com\/medical-travel\/\"},{\"@type\":\"ListItem\",\"position\":3,\"name\":\"Travel Instructions\"}]},{\"@type\":\"WebSite\",\"@id\":\"https:\/\/ciba-usa.com\/es\/#website\",\"url\":\"https:\/\/ciba-usa.com\/es\/\",\"name\":\"Ciba USA\",\"description\":\"\",\"publisher\":{\"@id\":\"https:\/\/ciba-usa.com\/es\/#organization\"},\"potentialAction\":[{\"@type\":\"SearchAction\",\"target\":{\"@type\":\"EntryPoint\",\"urlTemplate\":\"https:\/\/ciba-usa.com\/es\/?s={search_term_string}\"},\"query-input\":{\"@type\":\"PropertyValueSpecification\",\"valueRequired\":true,\"valueName\":\"search_term_string\"}}],\"inLanguage\":\"es\"},{\"@type\":\"Organization\",\"@id\":\"https:\/\/ciba-usa.com\/es\/#organization\",\"name\":\"Ciba USA\",\"url\":\"https:\/\/ciba-usa.com\/es\/\",\"logo\":{\"@type\":\"ImageObject\",\"inLanguage\":\"es\",\"@id\":\"https:\/\/ciba-usa.com\/es\/#\/schema\/logo\/image\/\",\"url\":\"https:\/\/ciba-usa.com\/wp-content\/uploads\/2024\/05\/cibausa-logo-azul.png\",\"contentUrl\":\"https:\/\/ciba-usa.com\/wp-content\/uploads\/2024\/05\/cibausa-logo-azul.png\",\"width\":81,\"height\":82,\"caption\":\"Ciba USA\"},\"image\":{\"@id\":\"https:\/\/ciba-usa.com\/es\/#\/schema\/logo\/image\/\"}}]}<\/script>\n<!-- \/ Yoast SEO plugin. -->","yoast_head_json":{"title":"Travel Instructions - Ciba USA","robots":{"index":"index","follow":"follow","max-snippet":"max-snippet:-1","max-image-preview":"max-image-preview:large","max-video-preview":"max-video-preview:-1"},"canonical":"https:\/\/ciba-usa.com\/es\/medical-travel\/travel-instructions\/","og_locale":"es_MX","og_type":"article","og_title":"Travel Instructions - Ciba USA","og_description":"TRAVEL INSTRUCTIONS The Road to health and a new sense of vitality starts here. At Ciba USA, we ensure that our patients are supported in every part of their weight loss journey. Follow these instructions to begin. \u00a0 Contact us UPON ARRIVAL TO TIJUANA MEXICO, THE FOLLOWING INSTRUCTIONS APPLY: Ground Transportation from San Diego if arriving at Lindbergh Field International Airport: The purchase of air travel is not included to San Diego. Please consult with a coordinator regarding the exact number of nights pre and post operative procedure that you plan to spend in San Diego. For the Gastric Sleeve and Gastric Bypass (RNY or Mini) patients stay in Tijuana, Mexico approximately 5 days. Our Ciba surgery packages do not include hotel lodging in San Diego. All Pre-op surgery tests will be done at our Ciba hospital in Tijuana, Mexico.","og_url":"https:\/\/ciba-usa.com\/es\/medical-travel\/travel-instructions\/","og_site_name":"Ciba USA","article_modified_time":"2024-06-18T17:47:02+00:00","og_image":[{"url":"https:\/\/ciba-usa.com\/wp-content\/uploads\/2024\/06\/image-87.png","type":"","width":"","height":""}],"twitter_card":"summary_large_image","twitter_misc":{"Tiempo de lectura":"1 minuto"},"schema":{"@context":"https:\/\/schema.org","@graph":[{"@type":"WebPage","@id":"https:\/\/ciba-usa.com\/medical-travel\/travel-instructions\/","url":"https:\/\/ciba-usa.com\/medical-travel\/travel-instructions\/","name":"Travel Instructions - Ciba USA","isPartOf":{"@id":"https:\/\/ciba-usa.com\/es\/#website"},"primaryImageOfPage":{"@id":"https:\/\/ciba-usa.com\/medical-travel\/travel-instructions\/#primaryimage"},"image":{"@id":"https:\/\/ciba-usa.com\/medical-travel\/travel-instructions\/#primaryimage"},"thumbnailUrl":"https:\/\/ciba-usa.com\/wp-content\/uploads\/2024\/06\/image-87.png","datePublished":"2024-06-18T17:40:18+00:00","dateModified":"2024-06-18T17:47:02+00:00","breadcrumb":{"@id":"https:\/\/ciba-usa.com\/medical-travel\/travel-instructions\/#breadcrumb"},"inLanguage":"es","potentialAction":[{"@type":"ReadAction","target":["https:\/\/ciba-usa.com\/medical-travel\/travel-instructions\/"]}]},{"@type":"ImageObject","inLanguage":"es","@id":"https:\/\/ciba-usa.com\/medical-travel\/travel-instructions\/#primaryimage","url":"https:\/\/ciba-usa.com\/wp-content\/uploads\/2024\/06\/image-87.png","contentUrl":"https:\/\/ciba-usa.com\/wp-content\/uploads\/2024\/06\/image-87.png"},{"@type":"BreadcrumbList","@id":"https:\/\/ciba-usa.com\/medical-travel\/travel-instructions\/#breadcrumb","itemListElement":[{"@type":"ListItem","position":1,"name":"Home","item":"https:\/\/ciba-usa.com\/"},{"@type":"ListItem","position":2,"name":"Medical Travel","item":"https:\/\/ciba-usa.com\/medical-travel\/"},{"@type":"ListItem","position":3,"name":"Travel Instructions"}]},{"@type":"WebSite","@id":"https:\/\/ciba-usa.com\/es\/#website","url":"https:\/\/ciba-usa.com\/es\/","name":"Ciba USA","description":"","publisher":{"@id":"https:\/\/ciba-usa.com\/es\/#organization"},"potentialAction":[{"@type":"SearchAction","target":{"@type":"EntryPoint","urlTemplate":"https:\/\/ciba-usa.com\/es\/?s={search_term_string}"},"query-input":{"@type":"PropertyValueSpecification","valueRequired":true,"valueName":"search_term_string"}}],"inLanguage":"es"},{"@type":"Organization","@id":"https:\/\/ciba-usa.com\/es\/#organization","name":"Ciba USA","url":"https:\/\/ciba-usa.com\/es\/","logo":{"@type":"ImageObject","inLanguage":"es","@id":"https:\/\/ciba-usa.com\/es\/#\/schema\/logo\/image\/","url":"https:\/\/ciba-usa.com\/wp-content\/uploads\/2024\/05\/cibausa-logo-azul.png","contentUrl":"https:\/\/ciba-usa.com\/wp-content\/uploads\/2024\/05\/cibausa-logo-azul.png","width":81,"height":82,"caption":"Ciba USA"},"image":{"@id":"https:\/\/ciba-usa.com\/es\/#\/schema\/logo\/image\/"}}]}},"_links":{"self":[{"href":"https:\/\/ciba-usa.com\/es\/wp-json\/wp\/v2\/pages\/2527","targetHints":{"allow":["GET"]}}],"collection":[{"href":"https:\/\/ciba-usa.com\/es\/wp-json\/wp\/v2\/pages"}],"about":[{"href":"https:\/\/ciba-usa.com\/es\/wp-json\/wp\/v2\/types\/page"}],"author":[{"embeddable":true,"href":"https:\/\/ciba-usa.com\/es\/wp-json\/wp\/v2\/users\/1"}],"replies":[{"embeddable":true,"href":"https:\/\/ciba-usa.com\/es\/wp-json\/wp\/v2\/comments?post=2527"}],"version-history":[{"count":0,"href":"https:\/\/ciba-usa.com\/es\/wp-json\/wp\/v2\/pages\/2527\/revisions"}],"up":[{"embeddable":true,"href":"https:\/\/ciba-usa.com\/es\/wp-json\/wp\/v2\/pages\/13"}],"wp:attachment":[{"href":"https:\/\/ciba-usa.com\/es\/wp-json\/wp\/v2\/media?parent=2527"}],"curies":[{"name":"wp","href":"https:\/\/api.w.org\/{rel}","templated":true}]}}