{"id":735,"date":"2024-05-31T19:58:56","date_gmt":"2024-05-31T19:58:56","guid":{"rendered":"https:\/\/ciba-usa.com\/?page_id=735"},"modified":"2024-05-31T19:59:39","modified_gmt":"2024-05-31T19:59:39","slug":"medical-questionnaire","status":"publish","type":"page","link":"https:\/\/ciba-usa.com\/es\/medical-questionnaire\/","title":{"rendered":"Cuestionario M\u00e9dico"},"content":{"rendered":"<div data-elementor-type=\"wp-page\" data-elementor-id=\"735\" class=\"elementor elementor-735\" data-elementor-post-type=\"page\">\n\t\t\t\t<div class=\"elementor-element elementor-element-f96ab74 e-con-full e-flex wpr-particle-no wpr-jarallax-no wpr-parallax-no wpr-sticky-section-no e-con e-parent\" data-id=\"f96ab74\" data-element_type=\"container\">\n\t\t\t\t<div class=\"elementor-element elementor-element-27201a8 elementor-widget elementor-widget-template\" data-id=\"27201a8\" data-element_type=\"widget\" data-widget_type=\"template.default\">\n\t\t\t\t<div class=\"elementor-widget-container\">\n\t\t\t\t\t\t\t<div class=\"elementor-template\">\n\t\t\t\t\t<div data-elementor-type=\"page\" data-elementor-id=\"716\" class=\"elementor elementor-716\" data-elementor-post-type=\"elementor_library\">\n\t\t\t\t\t\t<section class=\"elementor-section elementor-top-section elementor-element elementor-element-16cf5f6e elementor-section-full_width elementor-section-height-default elementor-section-height-default wpr-particle-no wpr-jarallax-no wpr-parallax-no wpr-sticky-section-no\" data-id=\"16cf5f6e\" data-element_type=\"section\">\n\t\t\t\t\t\t<div class=\"elementor-container elementor-column-gap-default\">\n\t\t\t\t\t<div class=\"elementor-column elementor-col-100 elementor-top-column elementor-element elementor-element-793dbc87\" data-id=\"793dbc87\" data-element_type=\"column\">\n\t\t\t<div class=\"elementor-widget-wrap elementor-element-populated\">\n\t\t\t\t\t\t<div class=\"elementor-element elementor-element-55070724 elementor-widget elementor-widget-spacer\" data-id=\"55070724\" data-element_type=\"widget\" data-widget_type=\"spacer.default\">\n\t\t\t\t<div class=\"elementor-widget-container\">\n\t\t\t\t\t\t\t<div class=\"elementor-spacer\">\n\t\t\t<div class=\"elementor-spacer-inner\"><\/div>\n\t\t<\/div>\n\t\t\t\t\t\t<\/div>\n\t\t\t\t<\/div>\n\t\t\t\t<div class=\"elementor-element elementor-element-1af11f51 elementor-widget elementor-widget-image\" data-id=\"1af11f51\" data-element_type=\"widget\" data-widget_type=\"image.default\">\n\t\t\t\t<div class=\"elementor-widget-container\">\n\t\t\t\t\t\t\t\t\t\t\t\t\t\t\t\t<a href=\"http:\/\/ciba-usa.com\/es\/\">\n\t\t\t\t\t\t\t<img fetchpriority=\"high\" decoding=\"async\" width=\"362\" height=\"362\" src=\"https:\/\/ciba-usa.com\/wp-content\/uploads\/2024\/05\/14_minimalista_03_Logo-1.png\" class=\"attachment-large size-large wp-image-704\" alt=\"\" srcset=\"https:\/\/ciba-usa.com\/wp-content\/uploads\/2024\/05\/14_minimalista_03_Logo-1.png 362w, https:\/\/ciba-usa.com\/wp-content\/uploads\/2024\/05\/14_minimalista_03_Logo-1-300x300.png 300w, https:\/\/ciba-usa.com\/wp-content\/uploads\/2024\/05\/14_minimalista_03_Logo-1-100x100.png 100w\" sizes=\"(max-width: 362px) 100vw, 362px\" \/>\t\t\t\t\t\t\t\t<\/a>\n\t\t\t\t\t\t\t\t\t\t\t\t\t\t\t<\/div>\n\t\t\t\t<\/div>\n\t\t\t\t<div class=\"elementor-element elementor-element-33b6e83d elementor-widget elementor-widget-heading\" data-id=\"33b6e83d\" data-element_type=\"widget\" data-widget_type=\"heading.default\">\n\t\t\t\t<div class=\"elementor-widget-container\">\n\t\t\t\t\t<h2 class=\"elementor-heading-title elementor-size-default\">Cuestionario M\u00e9dico<\/h2>\t\t\t\t<\/div>\n\t\t\t\t<\/div>\n\t\t\t\t<div class=\"elementor-element elementor-element-2a5abb93 elementor-widget elementor-widget-text-editor\" data-id=\"2a5abb93\" data-element_type=\"widget\" data-widget_type=\"text-editor.default\">\n\t\t\t\t<div class=\"elementor-widget-container\">\n\t\t\t\t\t\t\t\t\t<p>Comience su viaje de p\u00e9rdida de peso hoy completando nuestro Formulario de salud.<\/p>\t\t\t\t\t\t\t\t<\/div>\n\t\t\t\t<\/div>\n\t\t\t\t<div class=\"elementor-element elementor-element-7b9198bf elementor-button-align-stretch elementor-widget elementor-widget-form\" data-id=\"7b9198bf\" data-element_type=\"widget\" data-settings=\"{&quot;step_next_label&quot;:&quot;Next&quot;,&quot;step_previous_label&quot;:&quot;Previous&quot;,&quot;button_width&quot;:&quot;100&quot;,&quot;step_type&quot;:&quot;number_text&quot;,&quot;step_icon_shape&quot;:&quot;circle&quot;}\" data-widget_type=\"form.default\">\n\t\t\t\t<div class=\"elementor-widget-container\">\n\t\t\t\t\t\t\t<form class=\"elementor-form\" method=\"post\" name=\"Medical Questionnaire\" action=\"\">\n\t\t\t<input type=\"hidden\" name=\"post_id\" value=\"716\"\/>\n\t\t\t<input type=\"hidden\" name=\"form_id\" value=\"7b9198bf\"\/>\n\t\t\t<input type=\"hidden\" name=\"referer_title\" value=\"Ciba USA\" \/>\n\n\t\t\t\n\t\t\t<div class=\"elementor-form-fields-wrapper elementor-labels-above\">\n\t\t\t\t\t\t\t\t<div class=\"elementor-field-type-text elementor-field-group elementor-column elementor-field-group-name elementor-col-100 elementor-field-required\">\n\t\t\t\t\t\t\t\t\t\t\t\t<label for=\"form-field-name\" class=\"elementor-field-label\">\n\t\t\t\t\t\t\t\tNombre\t\t\t\t\t\t\t<\/label>\n\t\t\t\t\t\t\t\t\t\t\t\t\t\t<input size=\"1\" type=\"text\" name=\"form_fields[name]\" id=\"form-field-name\" class=\"elementor-field elementor-size-sm  elementor-field-textual\" required=\"required\" aria-required=\"true\">\n\t\t\t\t\t\t\t\t\t\t\t<\/div>\n\t\t\t\t\t\t\t\t<div class=\"elementor-field-type-tel elementor-field-group elementor-column elementor-field-group-message elementor-col-50 elementor-field-required\">\n\t\t\t\t\t\t\t\t\t\t\t\t<label for=\"form-field-message\" class=\"elementor-field-label\">\n\t\t\t\t\t\t\t\tN\u00famero de tel\u00e9fono (incluir c\u00f3digo de pa\u00eds)\t\t\t\t\t\t\t<\/label>\n\t\t\t\t\t\t\t\t<input size=\"1\" type=\"tel\" name=\"form_fields[message]\" id=\"form-field-message\" class=\"elementor-field elementor-size-sm  elementor-field-textual\" required=\"required\" aria-required=\"true\" pattern=\"[0-9()#&amp;+*-=.]+\" title=\"Only numbers and phone characters (#, -, *, etc) are accepted.\">\n\n\t\t\t\t\t\t<\/div>\n\t\t\t\t\t\t\t\t<div class=\"elementor-field-type-email elementor-field-group elementor-column elementor-field-group-email elementor-col-50 elementor-field-required\">\n\t\t\t\t\t\t\t\t\t\t\t\t<label for=\"form-field-email\" class=\"elementor-field-label\">\n\t\t\t\t\t\t\t\tCorreo electr\u00f3nico\t\t\t\t\t\t\t<\/label>\n\t\t\t\t\t\t\t\t\t\t\t\t\t\t<input size=\"1\" type=\"email\" name=\"form_fields[email]\" id=\"form-field-email\" class=\"elementor-field elementor-size-sm  elementor-field-textual\" placeholder=\"Correo electr\u00f3nico\" required=\"required\" aria-required=\"true\">\n\t\t\t\t\t\t\t\t\t\t\t<\/div>\n\t\t\t\t\t\t\t\t<div class=\"elementor-field-type-date elementor-field-group elementor-column elementor-field-group-field_5049bd5 elementor-col-33 elementor-field-required\">\n\t\t\t\t\t\t\t\t\t\t\t\t<label for=\"form-field-field_5049bd5\" class=\"elementor-field-label\">\n\t\t\t\t\t\t\t\tFecha de nacimiento\t\t\t\t\t\t\t<\/label>\n\t\t\t\t\t\t\n\t\t<input type=\"date\" name=\"form_fields[field_5049bd5]\" id=\"form-field-field_5049bd5\" class=\"elementor-field elementor-size-sm  elementor-field-textual elementor-date-field\" required=\"required\" aria-required=\"true\" pattern=\"[0-9]{4}-[0-9]{2}-[0-9]{2}\" min=\"1920-05-01\" max=\"2024-05-01\">\n\t\t\t\t\t\t<\/div>\n\t\t\t\t\t\t\t\t<div class=\"elementor-field-type-number elementor-field-group elementor-column elementor-field-group-field_b345b14 elementor-col-33 elementor-field-required\">\n\t\t\t\t\t\t\t\t\t\t\t\t<label for=\"form-field-field_b345b14\" class=\"elementor-field-label\">\n\t\t\t\t\t\t\t\tPeso en libras\t\t\t\t\t\t\t<\/label>\n\t\t\t\t\t\t\t\t\t<input type=\"number\" name=\"form_fields[field_b345b14]\" id=\"form-field-field_b345b14\" class=\"elementor-field elementor-size-sm  elementor-field-textual\" required=\"required\" aria-required=\"true\" min=\"\" max=\"\" >\n\t\t\t\t\t\t<\/div>\n\t\t\t\t\t\t\t\t<div class=\"elementor-field-type-number elementor-field-group elementor-column elementor-field-group-field_a693e85 elementor-col-33 elementor-field-required\">\n\t\t\t\t\t\t\t\t\t\t\t\t<label for=\"form-field-field_a693e85\" class=\"elementor-field-label\">\n\t\t\t\t\t\t\t\tAltura en pies y pulgadas\t\t\t\t\t\t\t<\/label>\n\t\t\t\t\t\t\t\t\t<input type=\"number\" name=\"form_fields[field_a693e85]\" id=\"form-field-field_a693e85\" class=\"elementor-field elementor-size-sm  elementor-field-textual\" required=\"required\" aria-required=\"true\" min=\"\" max=\"\" >\n\t\t\t\t\t\t<\/div>\n\t\t\t\t\t\t\t\t<div class=\"elementor-field-type-radio elementor-field-group elementor-column elementor-field-group-field_79dcc91 elementor-col-100\">\n\t\t\t\t\t\t\t\t\t\t\t\t<label for=\"form-field-field_79dcc91\" class=\"elementor-field-label\">\n\t\t\t\t\t\t\t\tM\u00e9todo de Contacto Preferido\t\t\t\t\t\t\t<\/label>\n\t\t\t\t\t\t<div class=\"elementor-field-subgroup  elementor-subgroup-inline\"><span class=\"elementor-field-option\"><input type=\"radio\" value=\"Text\" id=\"form-field-field_79dcc91-0\" name=\"form_fields[field_79dcc91]\"> <label for=\"form-field-field_79dcc91-0\">Texto<\/label><\/span><span class=\"elementor-field-option\"><input type=\"radio\" value=\"Call\" id=\"form-field-field_79dcc91-1\" name=\"form_fields[field_79dcc91]\"> <label for=\"form-field-field_79dcc91-1\">Llamada<\/label><\/span><span class=\"elementor-field-option\"><input type=\"radio\" value=\"Email\" id=\"form-field-field_79dcc91-2\" name=\"form_fields[field_79dcc91]\"> <label for=\"form-field-field_79dcc91-2\">Correo electr\u00f3nico<\/label><\/span><\/div>\t\t\t\t<\/div>\n\t\t\t\t\t\t\t\t<div class=\"elementor-field-type-recaptcha_v3 elementor-field-group elementor-column elementor-field-group-field_d4da5fa elementor-col-100 recaptcha_v3-inline\">\n\t\t\t\t\t<div class=\"elementor-field\" id=\"form-field-field_d4da5fa\"><div class=\"elementor-g-recaptcha\" data-sitekey=\"6LcjxP0pAAAAADPazrN718gGz_4IiAG_Tqnj-myH\" data-type=\"v3\" data-action=\"Form\" data-badge=\"inline\" data-size=\"invisible\"><\/div><\/div>\t\t\t\t<\/div>\n\t\t\t\t\t\t\t\t<div class=\"elementor-field-group elementor-column elementor-field-type-submit elementor-col-100 e-form__buttons\">\n\t\t\t\t\t<button class=\"elementor-button elementor-size-sm\" type=\"submit\">\n\t\t\t\t\t\t<span class=\"elementor-button-content-wrapper\">\n\t\t\t\t\t\t\t\t\t\t\t\t\t\t\t\t\t\t\t\t\t\t<span class=\"elementor-button-text\">Enviar<\/span>\n\t\t\t\t\t\t\t\t\t\t\t\t\t<\/span>\n\t\t\t\t\t<\/button>\n\t\t\t\t<\/div>\n\t\t\t<\/div>\n\t\t<input\n                    class=\"apbct_special_field apbct_email_id__elementor_form\"\n                    name=\"apbct__email_id__elementor_form\"\n                    aria-label=\"apbct__label_id__elementor_form\"\n                    type=\"text\" size=\"30\" maxlength=\"200\" autocomplete=\"off\"\n                    value=\"\"\n                \/><input\n                    class=\"apbct_special_field apbct_email_id__elementor_form\"\n                    name=\"apbct__email_id__elementor_form\"\n                    aria-label=\"apbct__label_id__elementor_form\"\n                    type=\"text\" size=\"30\" maxlength=\"200\" autocomplete=\"off\"\n                    value=\"\"\n                \/><input type=\"hidden\" name=\"trp-form-language\" value=\"es\"\/><\/form>\n\t\t\t\t\t\t<\/div>\n\t\t\t\t<\/div>\n\t\t\t\t<div class=\"elementor-element elementor-element-5931deab elementor-widget elementor-widget-spacer\" data-id=\"5931deab\" data-element_type=\"widget\" data-widget_type=\"spacer.default\">\n\t\t\t\t<div class=\"elementor-widget-container\">\n\t\t\t\t\t\t\t<div class=\"elementor-spacer\">\n\t\t\t<div class=\"elementor-spacer-inner\"><\/div>\n\t\t<\/div>\n\t\t\t\t\t\t<\/div>\n\t\t\t\t<\/div>\n\t\t\t\t<div class=\"elementor-element elementor-element-3fcd694 elementor-widget elementor-widget-text-editor\" data-id=\"3fcd694\" data-element_type=\"widget\" data-widget_type=\"text-editor.default\">\n\t\t\t\t<div class=\"elementor-widget-container\">\n\t\t\t\t\t\t\t\t\t<p><span style=\"text-decoration: underline;\"><a href=\"https:\/\/ciba-usa.com\/es\/\" data-wplink-url-error=\"true\">Volver a la p\u00e1gina de inicio<\/a><\/span><\/p>\t\t\t\t\t\t\t\t<\/div>\n\t\t\t\t<\/div>\n\t\t\t\t<div class=\"elementor-element elementor-element-56a791e elementor-widget elementor-widget-spacer\" data-id=\"56a791e\" data-element_type=\"widget\" data-widget_type=\"spacer.default\">\n\t\t\t\t<div class=\"elementor-widget-container\">\n\t\t\t\t\t\t\t<div class=\"elementor-spacer\">\n\t\t\t<div class=\"elementor-spacer-inner\"><\/div>\n\t\t<\/div>\n\t\t\t\t\t\t<\/div>\n\t\t\t\t<\/div>\n\t\t\t\t\t<\/div>\n\t\t<\/div>\n\t\t\t\t\t<\/div>\n\t\t<\/section>\n\t\t\t\t<\/div>\n\t\t\t\t<\/div>\n\t\t\t\t\t\t<\/div>\n\t\t\t\t<\/div>\n\t\t\t\t<\/div>\n\t\t\t\t<\/div>","protected":false},"excerpt":{"rendered":"","protected":false},"author":1,"featured_media":0,"parent":0,"menu_order":0,"comment_status":"closed","ping_status":"closed","template":"elementor_canvas","meta":{"_joinchat":[],"footnotes":""},"class_list":["post-735","page","type-page","status-publish","hentry","entry","owp-thumbs-layout-horizontal","owp-btn-normal","owp-tabs-layout-horizontal","has-no-thumbnails","has-product-nav"],"yoast_head":"<!-- This site is optimized with the Yoast SEO plugin v25.4 - https:\/\/yoast.com\/wordpress\/plugins\/seo\/ -->\n<title>Medical Questionnaire - Ciba USA<\/title>\n<meta name=\"robots\" content=\"index, follow, max-snippet:-1, max-image-preview:large, max-video-preview:-1\" \/>\n<link rel=\"canonical\" href=\"https:\/\/ciba-usa.com\/es\/medical-questionnaire\/\" \/>\n<meta property=\"og:locale\" content=\"es_MX\" \/>\n<meta property=\"og:type\" content=\"article\" \/>\n<meta property=\"og:title\" content=\"Medical Questionnaire - Ciba USA\" \/>\n<meta property=\"og:url\" content=\"https:\/\/ciba-usa.com\/es\/medical-questionnaire\/\" \/>\n<meta property=\"og:site_name\" content=\"Ciba USA\" \/>\n<meta property=\"article:modified_time\" content=\"2024-05-31T19:59:39+00:00\" \/>\n<meta name=\"twitter:card\" content=\"summary_large_image\" \/>\n<script type=\"application\/ld+json\" class=\"yoast-schema-graph\">{\"@context\":\"https:\/\/schema.org\",\"@graph\":[{\"@type\":\"WebPage\",\"@id\":\"https:\/\/ciba-usa.com\/medical-questionnaire\/\",\"url\":\"https:\/\/ciba-usa.com\/medical-questionnaire\/\",\"name\":\"Medical Questionnaire - Ciba USA\",\"isPartOf\":{\"@id\":\"https:\/\/ciba-usa.com\/es\/#website\"},\"datePublished\":\"2024-05-31T19:58:56+00:00\",\"dateModified\":\"2024-05-31T19:59:39+00:00\",\"breadcrumb\":{\"@id\":\"https:\/\/ciba-usa.com\/medical-questionnaire\/#breadcrumb\"},\"inLanguage\":\"es\",\"potentialAction\":[{\"@type\":\"ReadAction\",\"target\":[\"https:\/\/ciba-usa.com\/medical-questionnaire\/\"]}]},{\"@type\":\"BreadcrumbList\",\"@id\":\"https:\/\/ciba-usa.com\/medical-questionnaire\/#breadcrumb\",\"itemListElement\":[{\"@type\":\"ListItem\",\"position\":1,\"name\":\"Home\",\"item\":\"https:\/\/ciba-usa.com\/\"},{\"@type\":\"ListItem\",\"position\":2,\"name\":\"Medical Questionnaire\"}]},{\"@type\":\"WebSite\",\"@id\":\"https:\/\/ciba-usa.com\/es\/#website\",\"url\":\"https:\/\/ciba-usa.com\/es\/\",\"name\":\"Ciba USA\",\"description\":\"\",\"publisher\":{\"@id\":\"https:\/\/ciba-usa.com\/es\/#organization\"},\"potentialAction\":[{\"@type\":\"SearchAction\",\"target\":{\"@type\":\"EntryPoint\",\"urlTemplate\":\"https:\/\/ciba-usa.com\/es\/?s={search_term_string}\"},\"query-input\":{\"@type\":\"PropertyValueSpecification\",\"valueRequired\":true,\"valueName\":\"search_term_string\"}}],\"inLanguage\":\"es\"},{\"@type\":\"Organization\",\"@id\":\"https:\/\/ciba-usa.com\/es\/#organization\",\"name\":\"Ciba USA\",\"url\":\"https:\/\/ciba-usa.com\/es\/\",\"logo\":{\"@type\":\"ImageObject\",\"inLanguage\":\"es\",\"@id\":\"https:\/\/ciba-usa.com\/es\/#\/schema\/logo\/image\/\",\"url\":\"https:\/\/ciba-usa.com\/wp-content\/uploads\/2024\/05\/cibausa-logo-azul.png\",\"contentUrl\":\"https:\/\/ciba-usa.com\/wp-content\/uploads\/2024\/05\/cibausa-logo-azul.png\",\"width\":81,\"height\":82,\"caption\":\"Ciba USA\"},\"image\":{\"@id\":\"https:\/\/ciba-usa.com\/es\/#\/schema\/logo\/image\/\"}}]}<\/script>\n<!-- \/ Yoast SEO plugin. -->","yoast_head_json":{"title":"Medical Questionnaire - Ciba USA","robots":{"index":"index","follow":"follow","max-snippet":"max-snippet:-1","max-image-preview":"max-image-preview:large","max-video-preview":"max-video-preview:-1"},"canonical":"https:\/\/ciba-usa.com\/es\/medical-questionnaire\/","og_locale":"es_MX","og_type":"article","og_title":"Medical Questionnaire - Ciba USA","og_url":"https:\/\/ciba-usa.com\/es\/medical-questionnaire\/","og_site_name":"Ciba USA","article_modified_time":"2024-05-31T19:59:39+00:00","twitter_card":"summary_large_image","schema":{"@context":"https:\/\/schema.org","@graph":[{"@type":"WebPage","@id":"https:\/\/ciba-usa.com\/medical-questionnaire\/","url":"https:\/\/ciba-usa.com\/medical-questionnaire\/","name":"Medical Questionnaire - Ciba USA","isPartOf":{"@id":"https:\/\/ciba-usa.com\/es\/#website"},"datePublished":"2024-05-31T19:58:56+00:00","dateModified":"2024-05-31T19:59:39+00:00","breadcrumb":{"@id":"https:\/\/ciba-usa.com\/medical-questionnaire\/#breadcrumb"},"inLanguage":"es","potentialAction":[{"@type":"ReadAction","target":["https:\/\/ciba-usa.com\/medical-questionnaire\/"]}]},{"@type":"BreadcrumbList","@id":"https:\/\/ciba-usa.com\/medical-questionnaire\/#breadcrumb","itemListElement":[{"@type":"ListItem","position":1,"name":"Home","item":"https:\/\/ciba-usa.com\/"},{"@type":"ListItem","position":2,"name":"Medical Questionnaire"}]},{"@type":"WebSite","@id":"https:\/\/ciba-usa.com\/es\/#website","url":"https:\/\/ciba-usa.com\/es\/","name":"Ciba USA","description":"","publisher":{"@id":"https:\/\/ciba-usa.com\/es\/#organization"},"potentialAction":[{"@type":"SearchAction","target":{"@type":"EntryPoint","urlTemplate":"https:\/\/ciba-usa.com\/es\/?s={search_term_string}"},"query-input":{"@type":"PropertyValueSpecification","valueRequired":true,"valueName":"search_term_string"}}],"inLanguage":"es"},{"@type":"Organization","@id":"https:\/\/ciba-usa.com\/es\/#organization","name":"Ciba USA","url":"https:\/\/ciba-usa.com\/es\/","logo":{"@type":"ImageObject","inLanguage":"es","@id":"https:\/\/ciba-usa.com\/es\/#\/schema\/logo\/image\/","url":"https:\/\/ciba-usa.com\/wp-content\/uploads\/2024\/05\/cibausa-logo-azul.png","contentUrl":"https:\/\/ciba-usa.com\/wp-content\/uploads\/2024\/05\/cibausa-logo-azul.png","width":81,"height":82,"caption":"Ciba USA"},"image":{"@id":"https:\/\/ciba-usa.com\/es\/#\/schema\/logo\/image\/"}}]}},"_links":{"self":[{"href":"https:\/\/ciba-usa.com\/es\/wp-json\/wp\/v2\/pages\/735","targetHints":{"allow":["GET"]}}],"collection":[{"href":"https:\/\/ciba-usa.com\/es\/wp-json\/wp\/v2\/pages"}],"about":[{"href":"https:\/\/ciba-usa.com\/es\/wp-json\/wp\/v2\/types\/page"}],"author":[{"embeddable":true,"href":"https:\/\/ciba-usa.com\/es\/wp-json\/wp\/v2\/users\/1"}],"replies":[{"embeddable":true,"href":"https:\/\/ciba-usa.com\/es\/wp-json\/wp\/v2\/comments?post=735"}],"version-history":[{"count":0,"href":"https:\/\/ciba-usa.com\/es\/wp-json\/wp\/v2\/pages\/735\/revisions"}],"wp:attachment":[{"href":"https:\/\/ciba-usa.com\/es\/wp-json\/wp\/v2\/media?parent=735"}],"curies":[{"name":"wp","href":"https:\/\/api.w.org\/{rel}","templated":true}]}}